{"id":38595,"date":"2025-07-18T13:14:07","date_gmt":"2025-07-18T11:14:07","guid":{"rendered":"https:\/\/publimag.es\/producto\/dortmund\/"},"modified":"2025-07-18T13:15:22","modified_gmt":"2025-07-18T11:15:22","slug":"dortmund","status":"publish","type":"product","link":"https:\/\/publimag.es\/en\/product\/dortmund\/","title":{"rendered":"DORTMUND"},"content":{"rendered":"<p>Shorts with an adjustable elastic waistband with an interior drawstring and safety stitching. Side slits.<br \/>Composition: 100% polyester, 140 g\/m\u00b2.<br \/>Remarks: Available in children&#039;s sizes.<br \/>\n*Removable label.<br \/>\n*Technical fabric.<br \/>\n*Breathable model. <br \/><img decoding=\"async\" src=\"https:\/\/static.gorfactory.es\/pics\/measures\/BE_HO.jpg\"><\/p>","protected":false},"excerpt":{"rendered":"<p>Pantal\u00f3n corto con cinturilla el\u00e1stica ajustable con cord\u00f3n interior y pespunte de seguridad. Aperturas laterales.Composici\u00f3n: 100% poli\u00e9ster, 140 g\/m\u00b2.Observaciones: Disponible en tallas infantiles. *Etiqueta removible. *Tejido t\u00e9cnico. *Modelo transpirable.<\/p>","protected":false},"featured_media":38596,"comment_status":"open","ping_status":"closed","template":"","meta":[],"product_brand":[],"product_cat":[30,25],"product_tag":[],"class_list":{"0":"post-38595","1":"product","2":"type-product","3":"status-publish","4":"has-post-thumbnail","6":"product_cat-pd","7":"product_cat-sports","9":"first","10":"instock","11":"shipping-taxable","12":"purchasable","13":"product-type-variable"},"_links":{"self":[{"href":"https:\/\/publimag.es\/en\/wp-json\/wp\/v2\/product\/38595","targetHints":{"allow":["GET"]}}],"collection":[{"href":"https:\/\/publimag.es\/en\/wp-json\/wp\/v2\/product"}],"about":[{"href":"https:\/\/publimag.es\/en\/wp-json\/wp\/v2\/types\/product"}],"replies":[{"embeddable":true,"href":"https:\/\/publimag.es\/en\/wp-json\/wp\/v2\/comments?post=38595"}],"wp:featuredmedia":[{"embeddable":true,"href":"https:\/\/publimag.es\/en\/wp-json\/wp\/v2\/media\/38596"}],"wp:attachment":[{"href":"https:\/\/publimag.es\/en\/wp-json\/wp\/v2\/media?parent=38595"}],"wp:term":[{"taxonomy":"product_brand","embeddable":true,"href":"https:\/\/publimag.es\/en\/wp-json\/wp\/v2\/product_brand?post=38595"},{"taxonomy":"product_cat","embeddable":true,"href":"https:\/\/publimag.es\/en\/wp-json\/wp\/v2\/product_cat?post=38595"},{"taxonomy":"product_tag","embeddable":true,"href":"https:\/\/publimag.es\/en\/wp-json\/wp\/v2\/product_tag?post=38595"}],"curies":[{"name":"wp","href":"https:\/\/api.w.org\/{rel}","templated":true}]}}