{"id":38805,"date":"2025-07-18T13:17:58","date_gmt":"2025-07-18T11:17:58","guid":{"rendered":"https:\/\/publimag.es\/producto\/brock\/"},"modified":"2025-07-18T13:18:31","modified_gmt":"2025-07-18T11:18:31","slug":"brock","status":"publish","type":"product","link":"https:\/\/publimag.es\/en\/product\/brock\/","title":{"rendered":"BROCK"},"content":{"rendered":"<p>Men&#039;s jeans. Regular fit and mid-rise. Waistband with 5 belt loops. Metal zipper fly. Two front pockets and a coin pocket. Two back pockets. Semi-fitted cut in stretch fabric.<br \/>Composition: 78% cotton \/ 20% polyester \/ 2% elastane, 370 g\/m\u00b2<br \/>Remarks: *Removable label<br \/><img decoding=\"async\" src=\"https:\/\/static.gorfactory.es\/pics\/measures\/PA_HO.jpg\"><\/p>","protected":false},"excerpt":{"rendered":"<p>Pantal\u00f3n vaquero de hombre. De corte regular fit y tiro medio. Cinturilla con 5 trabillas. Bragueta con cremallera met\u00e1lica. Dos bolsillos frontales y bolsillo portamonedas. Dos bolsillos traseros. Corte semientallado en tejido el\u00e1stico.Composici\u00f3n: 78% algod\u00f3n \/ 20% poli\u00e9ster \/ 2% elastano, 370 g\/m\u00b2Observaciones: *Etiqueta removible<\/p>","protected":false},"featured_media":38806,"comment_status":"open","ping_status":"closed","template":"","meta":[],"product_brand":[],"product_cat":[61,82,56,37],"product_tag":[],"class_list":{"0":"post-38805","1":"product","2":"type-product","3":"status-publish","4":"has-post-thumbnail","6":"product_cat-horeca","7":"product_cat-horecapantalon","8":"product_cat-pant_c","9":"product_cat-workwear","11":"first","12":"instock","13":"shipping-taxable","14":"purchasable","15":"product-type-variable"},"_links":{"self":[{"href":"https:\/\/publimag.es\/en\/wp-json\/wp\/v2\/product\/38805","targetHints":{"allow":["GET"]}}],"collection":[{"href":"https:\/\/publimag.es\/en\/wp-json\/wp\/v2\/product"}],"about":[{"href":"https:\/\/publimag.es\/en\/wp-json\/wp\/v2\/types\/product"}],"replies":[{"embeddable":true,"href":"https:\/\/publimag.es\/en\/wp-json\/wp\/v2\/comments?post=38805"}],"wp:featuredmedia":[{"embeddable":true,"href":"https:\/\/publimag.es\/en\/wp-json\/wp\/v2\/media\/38806"}],"wp:attachment":[{"href":"https:\/\/publimag.es\/en\/wp-json\/wp\/v2\/media?parent=38805"}],"wp:term":[{"taxonomy":"product_brand","embeddable":true,"href":"https:\/\/publimag.es\/en\/wp-json\/wp\/v2\/product_brand?post=38805"},{"taxonomy":"product_cat","embeddable":true,"href":"https:\/\/publimag.es\/en\/wp-json\/wp\/v2\/product_cat?post=38805"},{"taxonomy":"product_tag","embeddable":true,"href":"https:\/\/publimag.es\/en\/wp-json\/wp\/v2\/product_tag?post=38805"}],"curies":[{"name":"wp","href":"https:\/\/api.w.org\/{rel}","templated":true}]}}