{"id":39079,"date":"2025-07-18T13:23:16","date_gmt":"2025-07-18T11:23:16","guid":{"rendered":"https:\/\/publimag.es\/producto\/vademecum\/"},"modified":"2025-07-18T13:24:38","modified_gmt":"2025-07-18T11:24:38","slug":"vademecum","status":"publish","type":"product","link":"https:\/\/publimag.es\/en\/product\/vademecum\/","title":{"rendered":"VADEMECUM"},"content":{"rendered":"<p>Unisex, straight-cut utility trousers.<br \/>\n\u00b7Elastic waistband.<br \/>\n\u00b7Zipper and button closure.<br \/>\n\u00b7Back pocket.<br \/>\n<br \/>Composition: 65% polyester \/ 35% cotton twill, 160 g\/m\u00b2.<br \/>Comments: Trousers to combine with PANACEA jacket.<br \/>\n*Removable label.<br \/>\n*Unisex model.<br \/>\n*Laboratory.<br \/>\n*Health.<br \/>\n*Aesthetics.<br \/>\n*Feeding.<br \/>\n*Cleaning.<br \/><img decoding=\"async\" src=\"https:\/\/static.gorfactory.es\/pics\/measures\/PA_HO.jpg\"><\/p>","protected":false},"excerpt":{"rendered":"<p>Pantal\u00f3n de servicios unisex, de corte recto. \u00b7Cinturilla el\u00e1stica. \u00b7Cierre de cremallera y bot\u00f3n. \u00b7Bolsillo trasero. Composici\u00f3n: 65% poli\u00e9ster \/ 35% algod\u00f3n sarga, 160 g\/m\u00b2.Observaciones: Pantal\u00f3n para combinar con casaca PANACEA. *Etiqueta removible. *Modelo unisex. *Laboratorio. *Sanidad. *Est\u00e9tica. *Alimentaci\u00f3n. *Limpieza.<\/p>","protected":false},"featured_media":39080,"comment_status":"open","ping_status":"closed","template":"","meta":[],"product_brand":[],"product_cat":[83,37],"product_tag":[],"class_list":{"0":"post-39079","1":"product","2":"type-product","3":"status-publish","4":"has-post-thumbnail","6":"product_cat-san_est","7":"product_cat-workwear","9":"first","10":"instock","11":"shipping-taxable","12":"purchasable","13":"product-type-variable"},"_links":{"self":[{"href":"https:\/\/publimag.es\/en\/wp-json\/wp\/v2\/product\/39079","targetHints":{"allow":["GET"]}}],"collection":[{"href":"https:\/\/publimag.es\/en\/wp-json\/wp\/v2\/product"}],"about":[{"href":"https:\/\/publimag.es\/en\/wp-json\/wp\/v2\/types\/product"}],"replies":[{"embeddable":true,"href":"https:\/\/publimag.es\/en\/wp-json\/wp\/v2\/comments?post=39079"}],"wp:featuredmedia":[{"embeddable":true,"href":"https:\/\/publimag.es\/en\/wp-json\/wp\/v2\/media\/39080"}],"wp:attachment":[{"href":"https:\/\/publimag.es\/en\/wp-json\/wp\/v2\/media?parent=39079"}],"wp:term":[{"taxonomy":"product_brand","embeddable":true,"href":"https:\/\/publimag.es\/en\/wp-json\/wp\/v2\/product_brand?post=39079"},{"taxonomy":"product_cat","embeddable":true,"href":"https:\/\/publimag.es\/en\/wp-json\/wp\/v2\/product_cat?post=39079"},{"taxonomy":"product_tag","embeddable":true,"href":"https:\/\/publimag.es\/en\/wp-json\/wp\/v2\/product_tag?post=39079"}],"curies":[{"name":"wp","href":"https:\/\/api.w.org\/{rel}","templated":true}]}}