{"id":39305,"date":"2025-07-18T13:27:34","date_gmt":"2025-07-18T11:27:34","guid":{"rendered":"https:\/\/publimag.es\/producto\/hilton\/"},"modified":"2025-07-18T13:28:14","modified_gmt":"2025-07-18T11:28:14","slug":"hilton","status":"publish","type":"product","link":"https:\/\/publimag.es\/en\/product\/hilton\/","title":{"rendered":"HILTON"},"content":{"rendered":"<p>Women&#039;s fitted long trousers made from durable, comfortable fabric. Belt loops. Two side pockets with a coin pocket. Two back pockets with decorative stitching. Jeans-style yoke detail. Ideal for the hospitality and work environments. <\/p>\n<p>Composition: 97% cotton \/ 3% elastane, 280 g\/m\u00b2.<br \/><img decoding=\"async\" src=\"https:\/\/static.gorfactory.es\/pics\/measures\/PA_MU.jpg\"><\/p>","protected":false},"excerpt":{"rendered":"<p>Pantal\u00f3n largo de mujer entallado con tejido resistente y confortable. Trabillas para cintur\u00f3n. Dos bolsillos laterales con bolsillo monedero. Dos bolsillos traseros con costura de adorno. Detalle de canes\u00fa estilo vaqueros. Especial para hosteler\u00eda y \u00e1mbito laboral. Composici\u00f3n: 97% algod\u00f3n \/ 3% elastano, 280 g\/m\u00b2.<\/p>","protected":false},"featured_media":39306,"comment_status":"open","ping_status":"closed","template":"","meta":[],"product_brand":[],"product_cat":[61,82,56,37],"product_tag":[],"class_list":{"0":"post-39305","1":"product","2":"type-product","3":"status-publish","4":"has-post-thumbnail","6":"product_cat-horeca","7":"product_cat-horecapantalon","8":"product_cat-pant_c","9":"product_cat-workwear","11":"first","12":"instock","13":"shipping-taxable","14":"purchasable","15":"product-type-variable"},"_links":{"self":[{"href":"https:\/\/publimag.es\/en\/wp-json\/wp\/v2\/product\/39305","targetHints":{"allow":["GET"]}}],"collection":[{"href":"https:\/\/publimag.es\/en\/wp-json\/wp\/v2\/product"}],"about":[{"href":"https:\/\/publimag.es\/en\/wp-json\/wp\/v2\/types\/product"}],"replies":[{"embeddable":true,"href":"https:\/\/publimag.es\/en\/wp-json\/wp\/v2\/comments?post=39305"}],"wp:featuredmedia":[{"embeddable":true,"href":"https:\/\/publimag.es\/en\/wp-json\/wp\/v2\/media\/39306"}],"wp:attachment":[{"href":"https:\/\/publimag.es\/en\/wp-json\/wp\/v2\/media?parent=39305"}],"wp:term":[{"taxonomy":"product_brand","embeddable":true,"href":"https:\/\/publimag.es\/en\/wp-json\/wp\/v2\/product_brand?post=39305"},{"taxonomy":"product_cat","embeddable":true,"href":"https:\/\/publimag.es\/en\/wp-json\/wp\/v2\/product_cat?post=39305"},{"taxonomy":"product_tag","embeddable":true,"href":"https:\/\/publimag.es\/en\/wp-json\/wp\/v2\/product_tag?post=39305"}],"curies":[{"name":"wp","href":"https:\/\/api.w.org\/{rel}","templated":true}]}}