{"id":39379,"date":"2025-07-18T13:29:00","date_gmt":"2025-07-18T11:29:00","guid":{"rendered":"https:\/\/publimag.es\/producto\/patrol\/"},"modified":"2025-07-18T13:29:46","modified_gmt":"2025-07-18T11:29:46","slug":"patrol","status":"publish","type":"product","link":"https:\/\/publimag.es\/en\/product\/patrol\/","title":{"rendered":"PATROL"},"content":{"rendered":"<p>Unisex long trousers in technical fabric. Adjustable elastic waistband at the back. Belt loops. Two classic-cut side pockets. Two side seam pockets with invisible zippers. One back pocket with snap closure. Knee darts. Double-needle stitching on the inside of the leg, crotch, hem, and back yoke. Hems with PVC adjuster and elastic drawstring.<br \/>Composition: 90% polyester \/ 10% elastane, 235 g\/m\u00b2.<br \/>\n<br \/><img decoding=\"async\" src=\"https:\/\/static.gorfactory.es\/pics\/measures\/PA_HO.jpg\"><\/p>","protected":false},"excerpt":{"rendered":"<p>Pantal\u00f3n largo unisex en tejido t\u00e9cnico. Cintura ajustable el\u00e1stica en la parte trasera. Trabillas para cintur\u00f3n. Dos bolsillos laterales de corte cl\u00e1sico. Dos bolsillos laterales en las costuras con cremalleras invisibles. Un bolsillo trasero con cierre autom\u00e1tico. Pinzas en las rodillas. Doble costura en el interior de la pierna, entrepierna, bajo y canes\u00fa trasero. Bajos&hellip;<\/p>","protected":false},"featured_media":39380,"comment_status":"open","ping_status":"closed","template":"","meta":[],"product_brand":[],"product_cat":[61,66,82,37],"product_tag":[],"class_list":{"0":"post-39379","1":"product","2":"type-product","3":"status-publish","4":"has-post-thumbnail","6":"product_cat-horeca","7":"product_cat-industry_services","8":"product_cat-horecapantalon","9":"product_cat-workwear","11":"first","12":"instock","13":"shipping-taxable","14":"purchasable","15":"product-type-variable"},"_links":{"self":[{"href":"https:\/\/publimag.es\/en\/wp-json\/wp\/v2\/product\/39379","targetHints":{"allow":["GET"]}}],"collection":[{"href":"https:\/\/publimag.es\/en\/wp-json\/wp\/v2\/product"}],"about":[{"href":"https:\/\/publimag.es\/en\/wp-json\/wp\/v2\/types\/product"}],"replies":[{"embeddable":true,"href":"https:\/\/publimag.es\/en\/wp-json\/wp\/v2\/comments?post=39379"}],"wp:featuredmedia":[{"embeddable":true,"href":"https:\/\/publimag.es\/en\/wp-json\/wp\/v2\/media\/39380"}],"wp:attachment":[{"href":"https:\/\/publimag.es\/en\/wp-json\/wp\/v2\/media?parent=39379"}],"wp:term":[{"taxonomy":"product_brand","embeddable":true,"href":"https:\/\/publimag.es\/en\/wp-json\/wp\/v2\/product_brand?post=39379"},{"taxonomy":"product_cat","embeddable":true,"href":"https:\/\/publimag.es\/en\/wp-json\/wp\/v2\/product_cat?post=39379"},{"taxonomy":"product_tag","embeddable":true,"href":"https:\/\/publimag.es\/en\/wp-json\/wp\/v2\/product_tag?post=39379"}],"curies":[{"name":"wp","href":"https:\/\/api.w.org\/{rel}","templated":true}]}}