{"id":39429,"date":"2025-07-18T13:29:47","date_gmt":"2025-07-18T11:29:47","guid":{"rendered":"https:\/\/publimag.es\/producto\/bonati\/"},"modified":"2025-07-18T13:30:40","modified_gmt":"2025-07-18T11:30:40","slug":"bonati","status":"publish","type":"product","link":"https:\/\/publimag.es\/en\/product\/bonati\/","title":{"rendered":"BONATI"},"content":{"rendered":"<p>Pantal\u00f3n Unisex de Trekking combinado en tres tejidos. Cintura el\u00e1stica en los laterales. Trabillas para cintur\u00f3n. Dos bolsillos laterales con cremalleras invertidas. Bolsillo trasero derecho con cremalleras invertidas. Tejido strech en piezas frontales y trasero que permiten una gran libertad de movimiento.<br \/>Composici\u00f3n: Tejido principal: 100% poliamida, 130 g\/m\u00b2.<br \/>\nSegundo tejido: 88% poliamida \/ 12% elastano, 225 g\/m\u00b2.<br \/><img decoding=\"async\" src=\"https:\/\/static.gorfactory.es\/pics\/measures\/PA_HO.jpg\"><\/p>","protected":false},"excerpt":{"rendered":"<p>Pantal\u00f3n Unisex de Trekking combinado en tres tejidos. Cintura el\u00e1stica en los laterales. Trabillas para cintur\u00f3n. Dos bolsillos laterales con cremalleras invertidas. Bolsillo trasero derecho con cremalleras invertidas. Tejido strech en piezas frontales y trasero que permiten una gran libertad de movimiento.Composici\u00f3n: Tejido principal: 100% poliamida, 130 g\/m\u00b2. Segundo tejido: 88% poliamida \/ 12% elastano,&hellip;<\/p>","protected":false},"featured_media":39430,"comment_status":"open","ping_status":"closed","template":"","meta":[],"product_brand":[],"product_cat":[39,30,25,37],"product_tag":[],"class_list":{"0":"post-39429","1":"product","2":"type-product","3":"status-publish","4":"has-post-thumbnail","6":"product_cat-basic","7":"product_cat-pd","8":"product_cat-sports","9":"product_cat-workwear","11":"first","12":"instock","13":"shipping-taxable","14":"purchasable","15":"product-type-variable"},"_links":{"self":[{"href":"https:\/\/publimag.es\/en\/wp-json\/wp\/v2\/product\/39429","targetHints":{"allow":["GET"]}}],"collection":[{"href":"https:\/\/publimag.es\/en\/wp-json\/wp\/v2\/product"}],"about":[{"href":"https:\/\/publimag.es\/en\/wp-json\/wp\/v2\/types\/product"}],"replies":[{"embeddable":true,"href":"https:\/\/publimag.es\/en\/wp-json\/wp\/v2\/comments?post=39429"}],"wp:featuredmedia":[{"embeddable":true,"href":"https:\/\/publimag.es\/en\/wp-json\/wp\/v2\/media\/39430"}],"wp:attachment":[{"href":"https:\/\/publimag.es\/en\/wp-json\/wp\/v2\/media?parent=39429"}],"wp:term":[{"taxonomy":"product_brand","embeddable":true,"href":"https:\/\/publimag.es\/en\/wp-json\/wp\/v2\/product_brand?post=39429"},{"taxonomy":"product_cat","embeddable":true,"href":"https:\/\/publimag.es\/en\/wp-json\/wp\/v2\/product_cat?post=39429"},{"taxonomy":"product_tag","embeddable":true,"href":"https:\/\/publimag.es\/en\/wp-json\/wp\/v2\/product_tag?post=39429"}],"curies":[{"name":"wp","href":"https:\/\/api.w.org\/{rel}","templated":true}]}}