{"id":39510,"date":"2025-07-18T13:31:30","date_gmt":"2025-07-18T11:31:30","guid":{"rendered":"https:\/\/publimag.es\/producto\/beverly\/"},"modified":"2025-07-18T13:32:22","modified_gmt":"2025-07-18T11:32:22","slug":"beverly","status":"publish","type":"product","link":"https:\/\/publimag.es\/en\/product\/beverly\/","title":{"rendered":"BEVERLY"},"content":{"rendered":"<p>Pantal\u00f3n largo de hombre. Trabillas para cintur\u00f3n. Cierre con cremallera y bot\u00f3n. Trabillas para cintur\u00f3n. Bolsillos laterales. Bolsillo frontal derecho portamonedas. Bolsillo trasero derecho de ojal con bot\u00f3n.<br \/>Composition: 70% polyester \/ 30% elastomultiester, 200 g\/m\u00b2.<br \/>\n<br \/><img decoding=\"async\" src=\"https:\/\/static.gorfactory.es\/pics\/measures\/PA_HO.jpg\"><\/p>","protected":false},"excerpt":{"rendered":"<p>Pantal\u00f3n largo de hombre. Trabillas para cintur\u00f3n. Cierre con cremallera y bot\u00f3n. Trabillas para cintur\u00f3n. Bolsillos laterales. Bolsillo frontal derecho portamonedas. Bolsillo trasero derecho de ojal con bot\u00f3n.Composici\u00f3n: 70% poli\u00e9ster \/ 30% elastomulti\u00e9ster, 200 g\/m\u00b2.<\/p>","protected":false},"featured_media":39511,"comment_status":"open","ping_status":"closed","template":"","meta":[],"product_brand":[],"product_cat":[61,82,56,37],"product_tag":[],"class_list":{"0":"post-39510","1":"product","2":"type-product","3":"status-publish","4":"has-post-thumbnail","6":"product_cat-horeca","7":"product_cat-horecapantalon","8":"product_cat-pant_c","9":"product_cat-workwear","11":"first","12":"instock","13":"shipping-taxable","14":"purchasable","15":"product-type-variable"},"_links":{"self":[{"href":"https:\/\/publimag.es\/en\/wp-json\/wp\/v2\/product\/39510","targetHints":{"allow":["GET"]}}],"collection":[{"href":"https:\/\/publimag.es\/en\/wp-json\/wp\/v2\/product"}],"about":[{"href":"https:\/\/publimag.es\/en\/wp-json\/wp\/v2\/types\/product"}],"replies":[{"embeddable":true,"href":"https:\/\/publimag.es\/en\/wp-json\/wp\/v2\/comments?post=39510"}],"wp:featuredmedia":[{"embeddable":true,"href":"https:\/\/publimag.es\/en\/wp-json\/wp\/v2\/media\/39511"}],"wp:attachment":[{"href":"https:\/\/publimag.es\/en\/wp-json\/wp\/v2\/media?parent=39510"}],"wp:term":[{"taxonomy":"product_brand","embeddable":true,"href":"https:\/\/publimag.es\/en\/wp-json\/wp\/v2\/product_brand?post=39510"},{"taxonomy":"product_cat","embeddable":true,"href":"https:\/\/publimag.es\/en\/wp-json\/wp\/v2\/product_cat?post=39510"},{"taxonomy":"product_tag","embeddable":true,"href":"https:\/\/publimag.es\/en\/wp-json\/wp\/v2\/product_tag?post=39510"}],"curies":[{"name":"wp","href":"https:\/\/api.w.org\/{rel}","templated":true}]}}