{"id":39826,"date":"2025-07-18T13:36:59","date_gmt":"2025-07-18T11:36:59","guid":{"rendered":"https:\/\/publimag.es\/producto\/waiter\/"},"modified":"2025-07-18T13:37:32","modified_gmt":"2025-07-18T11:37:32","slug":"waiter","status":"publish","type":"product","link":"https:\/\/publimag.es\/en\/product\/waiter\/","title":{"rendered":"WAITER"},"content":{"rendered":"<p>Men&#039;s semi-fitted long trousers.<br \/>\n\u00b7 Belt loops.<br \/>\n\u00b7 Two front clamps.<br \/>\n\u00b7 Right front coin pocket.<br \/>\n\u00b7 Side pockets.<br \/>\n\u00b7 Right back pocket with button.<br \/>\n\u00b7 Specially designed for hospitality and the workplace. <\/p>\n<p>Composition: 100% polyester, 190 g\/m\u00b2.<br \/>Observations: *Duo concept.<br \/>\n*Feeding. <br \/><img decoding=\"async\" src=\"https:\/\/static.gorfactory.es\/pics\/measures\/PA_HO.jpg\"><\/p>","protected":false},"excerpt":{"rendered":"<p>Pantal\u00f3n largo de hombre semientallado. \u00b7 Trabillas para cintur\u00f3n. \u00b7 Dos pinzas frontales. \u00b7 Bolsillo frontal derecho portamonedas. \u00b7 Bolsillos laterales. \u00b7 Bolsillo trasero derecho con bot\u00f3n. \u00b7 Especial para hosteler\u00eda y \u00e1mbito laboral. Composici\u00f3n: 100% poli\u00e9ster, 190 g\/m\u00b2.Observaciones: *D\u00fao concept. *Alimentaci\u00f3n.<\/p>","protected":false},"featured_media":39827,"comment_status":"open","ping_status":"closed","template":"","meta":[],"product_brand":[],"product_cat":[61,82,37],"product_tag":[],"class_list":{"0":"post-39826","1":"product","2":"type-product","3":"status-publish","4":"has-post-thumbnail","6":"product_cat-horeca","7":"product_cat-horecapantalon","8":"product_cat-workwear","10":"first","11":"instock","12":"shipping-taxable","13":"purchasable","14":"product-type-variable"},"_links":{"self":[{"href":"https:\/\/publimag.es\/en\/wp-json\/wp\/v2\/product\/39826","targetHints":{"allow":["GET"]}}],"collection":[{"href":"https:\/\/publimag.es\/en\/wp-json\/wp\/v2\/product"}],"about":[{"href":"https:\/\/publimag.es\/en\/wp-json\/wp\/v2\/types\/product"}],"replies":[{"embeddable":true,"href":"https:\/\/publimag.es\/en\/wp-json\/wp\/v2\/comments?post=39826"}],"wp:featuredmedia":[{"embeddable":true,"href":"https:\/\/publimag.es\/en\/wp-json\/wp\/v2\/media\/39827"}],"wp:attachment":[{"href":"https:\/\/publimag.es\/en\/wp-json\/wp\/v2\/media?parent=39826"}],"wp:term":[{"taxonomy":"product_brand","embeddable":true,"href":"https:\/\/publimag.es\/en\/wp-json\/wp\/v2\/product_brand?post=39826"},{"taxonomy":"product_cat","embeddable":true,"href":"https:\/\/publimag.es\/en\/wp-json\/wp\/v2\/product_cat?post=39826"},{"taxonomy":"product_tag","embeddable":true,"href":"https:\/\/publimag.es\/en\/wp-json\/wp\/v2\/product_tag?post=39826"}],"curies":[{"name":"wp","href":"https:\/\/api.w.org\/{rel}","templated":true}]}}