{"id":39870,"date":"2025-07-18T13:38:03","date_gmt":"2025-07-18T11:38:03","guid":{"rendered":"https:\/\/publimag.es\/producto\/everton\/"},"modified":"2025-07-18T13:38:45","modified_gmt":"2025-07-18T11:38:45","slug":"everton","status":"publish","type":"product","link":"https:\/\/publimag.es\/en\/product\/everton\/","title":{"rendered":"EVERTON"},"content":{"rendered":"<p>Pantal\u00f3n corto deportivo con slip interior. Cinturilla el\u00e1stica con cord\u00f3n interior cruzado para facilitar ajuste. Tejido especial running adaptable al cuerpo. Detalles reflectantes. F\u00e1cil lavado y secado.<br \/>Composici\u00f3n: 90% poli\u00e9ster \/ 10% elastano, 130 g\/m\u00b2.<br \/>Remarks: *Removable label.<br \/>\n*Technical fabric.<br \/>\n*Breathable model. <br \/><img decoding=\"async\" src=\"https:\/\/static.gorfactory.es\/pics\/measures\/BE_HO.jpg\"><\/p>","protected":false},"excerpt":{"rendered":"<p>Pantal\u00f3n corto deportivo con slip interior. Cinturilla el\u00e1stica con cord\u00f3n interior cruzado para facilitar ajuste. Tejido especial running adaptable al cuerpo. Detalles reflectantes. F\u00e1cil lavado y secado.Composici\u00f3n: 90% poli\u00e9ster \/ 10% elastano, 130 g\/m\u00b2.Observaciones: *Etiqueta removible. *Tejido t\u00e9cnico. *Modelo transpirable.<\/p>","protected":false},"featured_media":39871,"comment_status":"open","ping_status":"closed","template":"","meta":[],"product_brand":[],"product_cat":[30,25],"product_tag":[],"class_list":{"0":"post-39870","1":"product","2":"type-product","3":"status-publish","4":"has-post-thumbnail","6":"product_cat-pd","7":"product_cat-sports","9":"first","10":"instock","11":"shipping-taxable","12":"purchasable","13":"product-type-variable"},"_links":{"self":[{"href":"https:\/\/publimag.es\/en\/wp-json\/wp\/v2\/product\/39870","targetHints":{"allow":["GET"]}}],"collection":[{"href":"https:\/\/publimag.es\/en\/wp-json\/wp\/v2\/product"}],"about":[{"href":"https:\/\/publimag.es\/en\/wp-json\/wp\/v2\/types\/product"}],"replies":[{"embeddable":true,"href":"https:\/\/publimag.es\/en\/wp-json\/wp\/v2\/comments?post=39870"}],"wp:featuredmedia":[{"embeddable":true,"href":"https:\/\/publimag.es\/en\/wp-json\/wp\/v2\/media\/39871"}],"wp:attachment":[{"href":"https:\/\/publimag.es\/en\/wp-json\/wp\/v2\/media?parent=39870"}],"wp:term":[{"taxonomy":"product_brand","embeddable":true,"href":"https:\/\/publimag.es\/en\/wp-json\/wp\/v2\/product_brand?post=39870"},{"taxonomy":"product_cat","embeddable":true,"href":"https:\/\/publimag.es\/en\/wp-json\/wp\/v2\/product_cat?post=39870"},{"taxonomy":"product_tag","embeddable":true,"href":"https:\/\/publimag.es\/en\/wp-json\/wp\/v2\/product_tag?post=39870"}],"curies":[{"name":"wp","href":"https:\/\/api.w.org\/{rel}","templated":true}]}}