{"id":39895,"date":"2025-07-18T13:38:45","date_gmt":"2025-07-18T11:38:45","guid":{"rendered":"https:\/\/publimag.es\/producto\/lanus\/"},"modified":"2025-07-18T13:39:26","modified_gmt":"2025-07-18T11:39:26","slug":"lanus","status":"publish","type":"product","link":"https:\/\/publimag.es\/en\/product\/lanus\/","title":{"rendered":"LANUS"},"content":{"rendered":"<p>Pantal\u00f3n corto con malla interior. Cinturilla el\u00e1stica con cord\u00f3n interior cruzado para facilitar ajuste. Tejido transpirable con elastano para mayor libertad de movimiento. F\u00e1cil secado.  Detalle reflectante en parte trasera .<br \/>Composici\u00f3n: Tejido: 90% poli\u00e9ster \/ 10% elastano, 130 g\/m\u00b2.<br \/>\nMalla: 84% poli\u00e9ster \/ 16% elastano, 170 g\/m\u00b2 .<br \/>Observations: Breathable, easy-drying model.<br \/>\n*Removable label.<br \/><img decoding=\"async\" src=\"https:\/\/static.gorfactory.es\/pics\/measures\/BE_MU.jpg\"><\/p>","protected":false},"excerpt":{"rendered":"<p>Pantal\u00f3n corto con malla interior. Cinturilla el\u00e1stica con cord\u00f3n interior cruzado para facilitar ajuste. Tejido transpirable con elastano para mayor libertad de movimiento. F\u00e1cil secado. Detalle reflectante en parte trasera .Composici\u00f3n: Tejido: 90% poli\u00e9ster \/ 10% elastano, 130 g\/m\u00b2. Malla: 84% poli\u00e9ster \/ 16% elastano, 170 g\/m\u00b2 .Observaciones: Modelo transpirable de f\u00e1cil secado. *Etiqueta removible.<\/p>","protected":false},"featured_media":39896,"comment_status":"open","ping_status":"closed","template":"","meta":[],"product_brand":[],"product_cat":[30,25],"product_tag":[],"class_list":{"0":"post-39895","1":"product","2":"type-product","3":"status-publish","4":"has-post-thumbnail","6":"product_cat-pd","7":"product_cat-sports","9":"first","10":"instock","11":"shipping-taxable","12":"purchasable","13":"product-type-variable"},"_links":{"self":[{"href":"https:\/\/publimag.es\/en\/wp-json\/wp\/v2\/product\/39895","targetHints":{"allow":["GET"]}}],"collection":[{"href":"https:\/\/publimag.es\/en\/wp-json\/wp\/v2\/product"}],"about":[{"href":"https:\/\/publimag.es\/en\/wp-json\/wp\/v2\/types\/product"}],"replies":[{"embeddable":true,"href":"https:\/\/publimag.es\/en\/wp-json\/wp\/v2\/comments?post=39895"}],"wp:featuredmedia":[{"embeddable":true,"href":"https:\/\/publimag.es\/en\/wp-json\/wp\/v2\/media\/39896"}],"wp:attachment":[{"href":"https:\/\/publimag.es\/en\/wp-json\/wp\/v2\/media?parent=39895"}],"wp:term":[{"taxonomy":"product_brand","embeddable":true,"href":"https:\/\/publimag.es\/en\/wp-json\/wp\/v2\/product_brand?post=39895"},{"taxonomy":"product_cat","embeddable":true,"href":"https:\/\/publimag.es\/en\/wp-json\/wp\/v2\/product_cat?post=39895"},{"taxonomy":"product_tag","embeddable":true,"href":"https:\/\/publimag.es\/en\/wp-json\/wp\/v2\/product_tag?post=39895"}],"curies":[{"name":"wp","href":"https:\/\/api.w.org\/{rel}","templated":true}]}}