{"id":40084,"date":"2025-07-18T13:42:16","date_gmt":"2025-07-18T11:42:16","guid":{"rendered":"https:\/\/publimag.es\/producto\/andy\/"},"modified":"2025-07-18T13:42:53","modified_gmt":"2025-07-18T11:42:53","slug":"andy","status":"publish","type":"product","link":"https:\/\/publimag.es\/en\/product\/andy\/","title":{"rendered":"ANDY"},"content":{"rendered":"<p>Pantal\u00f3n deportivo corto con bolsillos laterales. Cinturilla el\u00e1stica con cord\u00f3n ajustable. Tejido ligero y transpirable con interior frontal en malla de microfibra. <br \/>Composici\u00f3n: 100% poli\u00e9ster, 110 g\/m\u00b2. <br \/>Remarks: *Removable label.<br \/>\n*Breathable fabric. <br \/><img decoding=\"async\" src=\"https:\/\/static.gorfactory.es\/pics\/measures\/BE_HO.jpg\"><\/p>","protected":false},"excerpt":{"rendered":"<p>Pantal\u00f3n deportivo corto con bolsillos laterales. Cinturilla el\u00e1stica con cord\u00f3n ajustable. Tejido ligero y transpirable con interior frontal en malla de microfibra. Composici\u00f3n: 100% poli\u00e9ster, 110 g\/m\u00b2. Observaciones: *Etiqueta removible. *Tejido transpirable.<\/p>","protected":false},"featured_media":40085,"comment_status":"open","ping_status":"closed","template":"","meta":[],"product_brand":[],"product_cat":[30,25],"product_tag":[],"class_list":{"0":"post-40084","1":"product","2":"type-product","3":"status-publish","4":"has-post-thumbnail","6":"product_cat-pd","7":"product_cat-sports","9":"first","10":"instock","11":"shipping-taxable","12":"purchasable","13":"product-type-variable"},"_links":{"self":[{"href":"https:\/\/publimag.es\/en\/wp-json\/wp\/v2\/product\/40084","targetHints":{"allow":["GET"]}}],"collection":[{"href":"https:\/\/publimag.es\/en\/wp-json\/wp\/v2\/product"}],"about":[{"href":"https:\/\/publimag.es\/en\/wp-json\/wp\/v2\/types\/product"}],"replies":[{"embeddable":true,"href":"https:\/\/publimag.es\/en\/wp-json\/wp\/v2\/comments?post=40084"}],"wp:featuredmedia":[{"embeddable":true,"href":"https:\/\/publimag.es\/en\/wp-json\/wp\/v2\/media\/40085"}],"wp:attachment":[{"href":"https:\/\/publimag.es\/en\/wp-json\/wp\/v2\/media?parent=40084"}],"wp:term":[{"taxonomy":"product_brand","embeddable":true,"href":"https:\/\/publimag.es\/en\/wp-json\/wp\/v2\/product_brand?post=40084"},{"taxonomy":"product_cat","embeddable":true,"href":"https:\/\/publimag.es\/en\/wp-json\/wp\/v2\/product_cat?post=40084"},{"taxonomy":"product_tag","embeddable":true,"href":"https:\/\/publimag.es\/en\/wp-json\/wp\/v2\/product_tag?post=40084"}],"curies":[{"name":"wp","href":"https:\/\/api.w.org\/{rel}","templated":true}]}}