{"id":40112,"date":"2025-07-18T13:42:53","date_gmt":"2025-07-18T11:42:53","guid":{"rendered":"https:\/\/publimag.es\/producto\/america\/"},"modified":"2025-07-18T13:44:15","modified_gmt":"2025-07-18T11:44:15","slug":"america","status":"publish","type":"product","link":"https:\/\/publimag.es\/en\/product\/america\/","title":{"rendered":"AMERICA"},"content":{"rendered":"<p>Parka acolchada de tejido impermeable. Cuello alto con capucha plegable y cierre de velcro. Cremallera central a tono con solapa. Bolsillos laterales con cremallera y tapeta fija. Bolsillo interior con cierre de velcro. Pu\u00f1os ajustables con trabilla de velcro. Acceso interior para reprocesos en espalda y pecho izquierdo.<br \/>Composition: Exterior: 100% recycled polyester<br \/>\nLining: 100% recycled polyester<br \/>\nWadding: 100% recycled polyester<br \/>\n400g\/m\u00b2<br \/>Observations: * DUO<br \/>\n* Repelente al agua<br \/>\n* Windproof<br \/>\n* Product with certificate 139218-GRS<br \/><img decoding=\"async\" src=\"https:\/\/static.gorfactory.es\/pics\/measures\/PK_HO.jpg\"><\/p>","protected":false},"excerpt":{"rendered":"<p>Parka acolchada de tejido impermeable. Cuello alto con capucha plegable y cierre de velcro. Cremallera central a tono con solapa. Bolsillos laterales con cremallera y tapeta fija. Bolsillo interior con cierre de velcro. Pu\u00f1os ajustables con trabilla de velcro. Acceso interior para reprocesos en espalda y pecho izquierdo.Composici\u00f3n: Exterior: 100% poli\u00e9ster reciclado Forro: 100% poli\u00e9ster&hellip;<\/p>","protected":false},"featured_media":40113,"comment_status":"open","ping_status":"closed","template":"","meta":[],"product_brand":[],"product_cat":[55,52,39,28,35,37],"product_tag":[],"class_list":{"0":"post-40112","1":"product","2":"type-product","3":"status-publish","4":"has-post-thumbnail","6":"product_cat-subcoats","7":"product_cat-coats","8":"product_cat-basic","9":"product_cat-rolyeco","10":"product_cat-novelty_roly","11":"product_cat-workwear","13":"first","14":"instock","15":"shipping-taxable","16":"purchasable","17":"product-type-variable"},"_links":{"self":[{"href":"https:\/\/publimag.es\/en\/wp-json\/wp\/v2\/product\/40112","targetHints":{"allow":["GET"]}}],"collection":[{"href":"https:\/\/publimag.es\/en\/wp-json\/wp\/v2\/product"}],"about":[{"href":"https:\/\/publimag.es\/en\/wp-json\/wp\/v2\/types\/product"}],"replies":[{"embeddable":true,"href":"https:\/\/publimag.es\/en\/wp-json\/wp\/v2\/comments?post=40112"}],"wp:featuredmedia":[{"embeddable":true,"href":"https:\/\/publimag.es\/en\/wp-json\/wp\/v2\/media\/40113"}],"wp:attachment":[{"href":"https:\/\/publimag.es\/en\/wp-json\/wp\/v2\/media?parent=40112"}],"wp:term":[{"taxonomy":"product_brand","embeddable":true,"href":"https:\/\/publimag.es\/en\/wp-json\/wp\/v2\/product_brand?post=40112"},{"taxonomy":"product_cat","embeddable":true,"href":"https:\/\/publimag.es\/en\/wp-json\/wp\/v2\/product_cat?post=40112"},{"taxonomy":"product_tag","embeddable":true,"href":"https:\/\/publimag.es\/en\/wp-json\/wp\/v2\/product_tag?post=40112"}],"curies":[{"name":"wp","href":"https:\/\/api.w.org\/{rel}","templated":true}]}}