{"id":40257,"date":"2025-07-18T13:45:26","date_gmt":"2025-07-18T11:45:26","guid":{"rendered":"https:\/\/publimag.es\/producto\/tallin\/"},"modified":"2025-07-18T13:47:07","modified_gmt":"2025-07-18T11:47:07","slug":"tallin","status":"publish","type":"product","link":"https:\/\/publimag.es\/en\/product\/tallin\/","title":{"rendered":"TALLIN"},"content":{"rendered":"<p>Chaqueta acolchada combinada con capucha fija. Cremallera frontal cubierta con una tapeta. Protector de barbilla. Dos bolsillos laterales con cremallera. Pu\u00f1os el\u00e1sticos. Acceso interno para reprocesos en espalda y pecho izquierdo. <br \/>Composici\u00f3n: Tejido Exterior: 100% Poli\u00e9ster<br \/>\nWadding: 100% Polyester<br \/>\nForro: 100% Poli\u00e9ster<br \/>\n708 g\/m\u00b2<br \/>Remarks: *Removable label<\/p>","protected":false},"excerpt":{"rendered":"<p>Chaqueta acolchada combinada con capucha fija. Cremallera frontal cubierta con una tapeta. Protector de barbilla. Dos bolsillos laterales con cremallera. Pu\u00f1os el\u00e1sticos. Acceso interno para reprocesos en espalda y pecho izquierdo. Composici\u00f3n: Tejido Exterior: 100% Poli\u00e9ster Guata: 100% Poli\u00e9ster Forro: 100% Poli\u00e9ster 708 g\/m\u00b2Observaciones: *Etiqueta removible<\/p>","protected":false},"featured_media":40258,"comment_status":"open","ping_status":"closed","template":"","meta":[],"product_brand":[],"product_cat":[762,52,55,25,38],"product_tag":[],"class_list":{"0":"post-40257","1":"product","2":"type-product","3":"status-publish","4":"has-post-thumbnail","6":"product_cat-w_coats","7":"product_cat-coats","8":"product_cat-subcoats","9":"product_cat-sports","10":"product_cat-wint_sp","12":"first","13":"instock","14":"shipping-taxable","15":"purchasable","16":"product-type-variable"},"_links":{"self":[{"href":"https:\/\/publimag.es\/en\/wp-json\/wp\/v2\/product\/40257","targetHints":{"allow":["GET"]}}],"collection":[{"href":"https:\/\/publimag.es\/en\/wp-json\/wp\/v2\/product"}],"about":[{"href":"https:\/\/publimag.es\/en\/wp-json\/wp\/v2\/types\/product"}],"replies":[{"embeddable":true,"href":"https:\/\/publimag.es\/en\/wp-json\/wp\/v2\/comments?post=40257"}],"wp:featuredmedia":[{"embeddable":true,"href":"https:\/\/publimag.es\/en\/wp-json\/wp\/v2\/media\/40258"}],"wp:attachment":[{"href":"https:\/\/publimag.es\/en\/wp-json\/wp\/v2\/media?parent=40257"}],"wp:term":[{"taxonomy":"product_brand","embeddable":true,"href":"https:\/\/publimag.es\/en\/wp-json\/wp\/v2\/product_brand?post=40257"},{"taxonomy":"product_cat","embeddable":true,"href":"https:\/\/publimag.es\/en\/wp-json\/wp\/v2\/product_cat?post=40257"},{"taxonomy":"product_tag","embeddable":true,"href":"https:\/\/publimag.es\/en\/wp-json\/wp\/v2\/product_tag?post=40257"}],"curies":[{"name":"wp","href":"https:\/\/api.w.org\/{rel}","templated":true}]}}