{"id":40365,"date":"2025-07-18T13:47:08","date_gmt":"2025-07-18T11:47:08","guid":{"rendered":"https:\/\/publimag.es\/producto\/nepal\/"},"modified":"2025-07-18T13:48:27","modified_gmt":"2025-07-18T11:48:27","slug":"nepal","status":"publish","type":"product","link":"https:\/\/publimag.es\/en\/product\/nepal\/","title":{"rendered":"NEPAL"},"content":{"rendered":"<p>Parka acolchada. Capucha fija con visera. Cremallera frontal a tono con doble tirador y protector de barbilla. Pu\u00f1os el\u00e1sticos. Dos bolsillos laterales con cremallera. Acceso interior para marcaje.<br \/>\n<br \/>Composition: Outer fabric: 100% polyester, taffeta<br \/>\nWadding: 100% polyester<br \/>\nForro: 100% poli\u00e9ster, tafet\u00e1n<br \/>\n708 g\/m\u00b2<br \/>Remarks: * Removable label.<br \/>\n*Water resistant.<br \/>\n* Windproof.<br \/><img decoding=\"async\" src=\"https:\/\/static.gorfactory.es\/pics\/measures\/PK_HO.jpg\"><\/p>","protected":false},"excerpt":{"rendered":"<p>Parka acolchada. Capucha fija con visera. Cremallera frontal a tono con doble tirador y protector de barbilla. Pu\u00f1os el\u00e1sticos. Dos bolsillos laterales con cremallera. Acceso interior para marcaje. Composici\u00f3n: Tejido exterior: 100% poli\u00e9ster, tafet\u00e1n Guata: 100% poli\u00e9ster Forro: 100% poli\u00e9ster, tafet\u00e1n 708 g\/m\u00b2Observaciones: * Etiqueta removible. * Resistente al agua. * A prueba de viento.<\/p>","protected":false},"featured_media":40366,"comment_status":"open","ping_status":"closed","template":"","meta":[],"product_brand":[],"product_cat":[52,762,55,39,25,38,37],"product_tag":[],"class_list":{"0":"post-40365","1":"product","2":"type-product","3":"status-publish","4":"has-post-thumbnail","6":"product_cat-coats","7":"product_cat-w_coats","8":"product_cat-subcoats","9":"product_cat-basic","10":"product_cat-sports","11":"product_cat-wint_sp","12":"product_cat-workwear","14":"first","15":"instock","16":"shipping-taxable","17":"purchasable","18":"product-type-variable"},"_links":{"self":[{"href":"https:\/\/publimag.es\/en\/wp-json\/wp\/v2\/product\/40365","targetHints":{"allow":["GET"]}}],"collection":[{"href":"https:\/\/publimag.es\/en\/wp-json\/wp\/v2\/product"}],"about":[{"href":"https:\/\/publimag.es\/en\/wp-json\/wp\/v2\/types\/product"}],"replies":[{"embeddable":true,"href":"https:\/\/publimag.es\/en\/wp-json\/wp\/v2\/comments?post=40365"}],"wp:featuredmedia":[{"embeddable":true,"href":"https:\/\/publimag.es\/en\/wp-json\/wp\/v2\/media\/40366"}],"wp:attachment":[{"href":"https:\/\/publimag.es\/en\/wp-json\/wp\/v2\/media?parent=40365"}],"wp:term":[{"taxonomy":"product_brand","embeddable":true,"href":"https:\/\/publimag.es\/en\/wp-json\/wp\/v2\/product_brand?post=40365"},{"taxonomy":"product_cat","embeddable":true,"href":"https:\/\/publimag.es\/en\/wp-json\/wp\/v2\/product_cat?post=40365"},{"taxonomy":"product_tag","embeddable":true,"href":"https:\/\/publimag.es\/en\/wp-json\/wp\/v2\/product_tag?post=40365"}],"curies":[{"name":"wp","href":"https:\/\/api.w.org\/{rel}","templated":true}]}}