{"id":40439,"date":"2025-07-18T13:48:27","date_gmt":"2025-07-18T11:48:27","guid":{"rendered":"https:\/\/publimag.es\/producto\/bowie\/"},"modified":"2025-07-18T13:49:05","modified_gmt":"2025-07-18T11:49:05","slug":"bowie","status":"publish","type":"product","link":"https:\/\/publimag.es\/en\/product\/bowie\/","title":{"rendered":"BOWIE"},"content":{"rendered":"<p>Vigor\u00e9 short-sleeved polo shirt. Solid-color collar and cuffs with 1x1 ribbing and contrasting decorative detail. Inner placket with contrasting decorative tape and three buttons. Hem with reinforced side slit and decorative tape. Back slightly longer than the front. <br \/>Composition: 100% cotton, piqu\u00e9 knit, 200 g\/m\u00b2.<br \/>Remarks: *Removable label. <br \/><img decoding=\"async\" src=\"https:\/\/static.gorfactory.es\/pics\/measures\/PO_MC_HO.jpg\"><\/p>","protected":false},"excerpt":{"rendered":"<p>Polo Vigor\u00e9 de manga corta. Cuello y bocamangas en color solido con canal\u00e9 1&#215;1 y detalle decorativo a contraste. Tapeta interior con cinta decorativa a contraste y tres botones. Bajo con apertura lateral reforzada y cinta decorativa. Espalda ligeramente m\u00e1s larga que el delantero. Composici\u00f3n: 100% algod\u00f3n, punto piqu\u00e9, 200 g\/m\u00b2.Observaciones: *Etiqueta removible.<\/p>","protected":false},"featured_media":40440,"comment_status":"open","ping_status":"closed","template":"","meta":[],"product_brand":[],"product_cat":[39,42,43,37],"product_tag":[],"class_list":{"0":"post-40439","1":"product","2":"type-product","3":"status-publish","4":"has-post-thumbnail","6":"product_cat-basic","7":"product_cat-cam_po","8":"product_cat-pol_s","9":"product_cat-workwear","11":"first","12":"instock","13":"shipping-taxable","14":"purchasable","15":"product-type-variable"},"_links":{"self":[{"href":"https:\/\/publimag.es\/en\/wp-json\/wp\/v2\/product\/40439","targetHints":{"allow":["GET"]}}],"collection":[{"href":"https:\/\/publimag.es\/en\/wp-json\/wp\/v2\/product"}],"about":[{"href":"https:\/\/publimag.es\/en\/wp-json\/wp\/v2\/types\/product"}],"replies":[{"embeddable":true,"href":"https:\/\/publimag.es\/en\/wp-json\/wp\/v2\/comments?post=40439"}],"wp:featuredmedia":[{"embeddable":true,"href":"https:\/\/publimag.es\/en\/wp-json\/wp\/v2\/media\/40440"}],"wp:attachment":[{"href":"https:\/\/publimag.es\/en\/wp-json\/wp\/v2\/media?parent=40439"}],"wp:term":[{"taxonomy":"product_brand","embeddable":true,"href":"https:\/\/publimag.es\/en\/wp-json\/wp\/v2\/product_brand?post=40439"},{"taxonomy":"product_cat","embeddable":true,"href":"https:\/\/publimag.es\/en\/wp-json\/wp\/v2\/product_cat?post=40439"},{"taxonomy":"product_tag","embeddable":true,"href":"https:\/\/publimag.es\/en\/wp-json\/wp\/v2\/product_tag?post=40439"}],"curies":[{"name":"wp","href":"https:\/\/api.w.org\/{rel}","templated":true}]}}