{"id":40594,"date":"2025-07-18T13:51:24","date_gmt":"2025-07-18T11:51:24","guid":{"rendered":"https:\/\/publimag.es\/producto\/tamil\/"},"modified":"2025-07-18T13:52:41","modified_gmt":"2025-07-18T11:52:41","slug":"tamil","status":"publish","type":"product","link":"https:\/\/publimag.es\/en\/product\/tamil\/","title":{"rendered":"TAMIL"},"content":{"rendered":"<p>Polo t\u00e9cnico de manga corta para hombre en poli\u00e9ster reciclado antibacteriano. Cuello y detalle ribete de mangas en canal\u00e9 1&#215;1. Cubrecosturas reforzado en cuello. Tapeta con 2 botones autom\u00e1ticos ocultos. Piezas de hombros y detalles a contraste. Aperturas laterales en el bajo.<br \/>Composici\u00f3n: 50% poli\u00e9ster reciclado \/ 50% poli\u00e9ster antibacteriano, 140 g\/m\u00b2.<br \/>\nColor 0102: 150 g\/m\u00b2<br \/>Observaciones: *Tejido Reciclado<br \/>\n* Tejido Antibacteriano<br \/>\n* Removable Label<br \/>\nProducto certificado 139218-GRS y Antibacterial<br \/><img decoding=\"async\" src=\"https:\/\/static.gorfactory.es\/pics\/measures\/PO_MC_HO.jpg\"><\/p>","protected":false},"excerpt":{"rendered":"<p>Polo t\u00e9cnico de manga corta para hombre en poli\u00e9ster reciclado antibacteriano. Cuello y detalle ribete de mangas en canal\u00e9 1&#215;1. Cubrecosturas reforzado en cuello. Tapeta con 2 botones autom\u00e1ticos ocultos. Piezas de hombros y detalles a contraste. Aperturas laterales en el bajo.Composici\u00f3n: 50% poli\u00e9ster reciclado \/ 50% poli\u00e9ster antibacteriano, 140 g\/m\u00b2. Color 0102: 150 g\/m\u00b2Observaciones:&hellip;<\/p>","protected":false},"featured_media":40595,"comment_status":"open","ping_status":"closed","template":"","meta":[],"product_brand":[],"product_cat":[39,26,28,46,25,37],"product_tag":[],"class_list":{"0":"post-40594","1":"product","2":"type-product","3":"status-publish","4":"has-post-thumbnail","6":"product_cat-basic","7":"product_cat-cam_sp","8":"product_cat-rolyeco","9":"product_cat-sp_polshi","10":"product_cat-sports","11":"product_cat-workwear","13":"first","14":"instock","15":"shipping-taxable","16":"purchasable","17":"product-type-variable"},"_links":{"self":[{"href":"https:\/\/publimag.es\/en\/wp-json\/wp\/v2\/product\/40594","targetHints":{"allow":["GET"]}}],"collection":[{"href":"https:\/\/publimag.es\/en\/wp-json\/wp\/v2\/product"}],"about":[{"href":"https:\/\/publimag.es\/en\/wp-json\/wp\/v2\/types\/product"}],"replies":[{"embeddable":true,"href":"https:\/\/publimag.es\/en\/wp-json\/wp\/v2\/comments?post=40594"}],"wp:featuredmedia":[{"embeddable":true,"href":"https:\/\/publimag.es\/en\/wp-json\/wp\/v2\/media\/40595"}],"wp:attachment":[{"href":"https:\/\/publimag.es\/en\/wp-json\/wp\/v2\/media?parent=40594"}],"wp:term":[{"taxonomy":"product_brand","embeddable":true,"href":"https:\/\/publimag.es\/en\/wp-json\/wp\/v2\/product_brand?post=40594"},{"taxonomy":"product_cat","embeddable":true,"href":"https:\/\/publimag.es\/en\/wp-json\/wp\/v2\/product_cat?post=40594"},{"taxonomy":"product_tag","embeddable":true,"href":"https:\/\/publimag.es\/en\/wp-json\/wp\/v2\/product_tag?post=40594"}],"curies":[{"name":"wp","href":"https:\/\/api.w.org\/{rel}","templated":true}]}}