{"id":40799,"date":"2025-07-18T13:54:58","date_gmt":"2025-07-18T11:54:58","guid":{"rendered":"https:\/\/publimag.es\/producto\/tamil-woman\/"},"modified":"2025-07-18T13:55:48","modified_gmt":"2025-07-18T11:55:48","slug":"tamil-woman","status":"publish","type":"product","link":"https:\/\/publimag.es\/en\/product\/tamil-woman\/","title":{"rendered":"TAMIL WOMAN"},"content":{"rendered":"<p>Polo t\u00e9cnico de mujer entallado de manga corta en poli\u00e9ster reciclado antibacteriano. Cuello y detalle ribete de mangas en canal\u00e9 1&#215;1. Cubrecosturas reforzado en cuello. Tapeta con 2 botones autom\u00e1ticos. Piezas de hombros y detalles a contraste. Aperturas laterales en el bajo.<br \/>Composici\u00f3n: 50% poli\u00e9ster reciclado \/ 50% poli\u00e9ster antibacteriano,140 g\/m\u00b2.<br \/>\nColor 0102: 150 g\/m\u00b2<br \/>Observaciones: *Tejido Reciclado<br \/>\n* Tejido Antibacteriano<br \/>\n* Removable Label<br \/>\nProducto certificado 139218-GRS y Antibacterial<br \/><img decoding=\"async\" src=\"https:\/\/static.gorfactory.es\/pics\/measures\/PO_MC_MU.jpg\"><\/p>","protected":false},"excerpt":{"rendered":"<p>Polo t\u00e9cnico de mujer entallado de manga corta en poli\u00e9ster reciclado antibacteriano. Cuello y detalle ribete de mangas en canal\u00e9 1&#215;1. Cubrecosturas reforzado en cuello. Tapeta con 2 botones autom\u00e1ticos. Piezas de hombros y detalles a contraste. Aperturas laterales en el bajo.Composici\u00f3n: 50% poli\u00e9ster reciclado \/ 50% poli\u00e9ster antibacteriano,140 g\/m\u00b2. Color 0102: 150 g\/m\u00b2Observaciones: *Tejido&hellip;<\/p>","protected":false},"featured_media":40800,"comment_status":"open","ping_status":"closed","template":"","meta":[],"product_brand":[],"product_cat":[26,28,46,25],"product_tag":[],"class_list":{"0":"post-40799","1":"product","2":"type-product","3":"status-publish","4":"has-post-thumbnail","6":"product_cat-cam_sp","7":"product_cat-rolyeco","8":"product_cat-sp_polshi","9":"product_cat-sports","11":"first","12":"instock","13":"shipping-taxable","14":"purchasable","15":"product-type-variable"},"_links":{"self":[{"href":"https:\/\/publimag.es\/en\/wp-json\/wp\/v2\/product\/40799","targetHints":{"allow":["GET"]}}],"collection":[{"href":"https:\/\/publimag.es\/en\/wp-json\/wp\/v2\/product"}],"about":[{"href":"https:\/\/publimag.es\/en\/wp-json\/wp\/v2\/types\/product"}],"replies":[{"embeddable":true,"href":"https:\/\/publimag.es\/en\/wp-json\/wp\/v2\/comments?post=40799"}],"wp:featuredmedia":[{"embeddable":true,"href":"https:\/\/publimag.es\/en\/wp-json\/wp\/v2\/media\/40800"}],"wp:attachment":[{"href":"https:\/\/publimag.es\/en\/wp-json\/wp\/v2\/media?parent=40799"}],"wp:term":[{"taxonomy":"product_brand","embeddable":true,"href":"https:\/\/publimag.es\/en\/wp-json\/wp\/v2\/product_brand?post=40799"},{"taxonomy":"product_cat","embeddable":true,"href":"https:\/\/publimag.es\/en\/wp-json\/wp\/v2\/product_cat?post=40799"},{"taxonomy":"product_tag","embeddable":true,"href":"https:\/\/publimag.es\/en\/wp-json\/wp\/v2\/product_tag?post=40799"}],"curies":[{"name":"wp","href":"https:\/\/api.w.org\/{rel}","templated":true}]}}