{"id":40840,"date":"2025-07-18T13:55:49","date_gmt":"2025-07-18T11:55:49","guid":{"rendered":"https:\/\/publimag.es\/producto\/monzha-woman\/"},"modified":"2025-07-18T13:57:09","modified_gmt":"2025-07-18T11:57:09","slug":"monzha-woman","status":"publish","type":"product","link":"https:\/\/publimag.es\/en\/product\/monzha-woman\/","title":{"rendered":"MONZHA WOMAN"},"content":{"rendered":"<p>Women&#039;s short-sleeved technical polo shirt. Knit collar with three-button placket. Slim fit. <br \/>Composition: 100% polyester piqu\u00e9, 150 g\/m\u00b2.<br \/>Observations: Breathable fabric, easy to wash and dry.<br \/>\n*Removable label.<br \/>\n*Technical fabric.<br \/>\n*Breathable model.<br \/>\n*Duo concept.<br \/><img decoding=\"async\" src=\"https:\/\/static.gorfactory.es\/pics\/measures\/PO_MC_MU.jpg\"><\/p>","protected":false},"excerpt":{"rendered":"<p>Polo t\u00e9cnico de manga corta para mujer. Cuello tricotosa con tapeta de tres botones. Corte entallado. Composici\u00f3n: 100% poli\u00e9ster piqu\u00e9, 150 g\/m\u00b2.Observaciones: Tejido transpirable, f\u00e1cil lavado y secado. *Etiqueta removible. *Tejido t\u00e9cnico. *Modelo transpirable. *D\u00fao concept.<\/p>","protected":false},"featured_media":40841,"comment_status":"open","ping_status":"closed","template":"","meta":[],"product_brand":[],"product_cat":[39,26,46,25,37],"product_tag":[],"class_list":{"0":"post-40840","1":"product","2":"type-product","3":"status-publish","4":"has-post-thumbnail","6":"product_cat-basic","7":"product_cat-cam_sp","8":"product_cat-sp_polshi","9":"product_cat-sports","10":"product_cat-workwear","12":"first","13":"instock","14":"shipping-taxable","15":"purchasable","16":"product-type-variable"},"_links":{"self":[{"href":"https:\/\/publimag.es\/en\/wp-json\/wp\/v2\/product\/40840","targetHints":{"allow":["GET"]}}],"collection":[{"href":"https:\/\/publimag.es\/en\/wp-json\/wp\/v2\/product"}],"about":[{"href":"https:\/\/publimag.es\/en\/wp-json\/wp\/v2\/types\/product"}],"replies":[{"embeddable":true,"href":"https:\/\/publimag.es\/en\/wp-json\/wp\/v2\/comments?post=40840"}],"wp:featuredmedia":[{"embeddable":true,"href":"https:\/\/publimag.es\/en\/wp-json\/wp\/v2\/media\/40841"}],"wp:attachment":[{"href":"https:\/\/publimag.es\/en\/wp-json\/wp\/v2\/media?parent=40840"}],"wp:term":[{"taxonomy":"product_brand","embeddable":true,"href":"https:\/\/publimag.es\/en\/wp-json\/wp\/v2\/product_brand?post=40840"},{"taxonomy":"product_cat","embeddable":true,"href":"https:\/\/publimag.es\/en\/wp-json\/wp\/v2\/product_cat?post=40840"},{"taxonomy":"product_tag","embeddable":true,"href":"https:\/\/publimag.es\/en\/wp-json\/wp\/v2\/product_tag?post=40840"}],"curies":[{"name":"wp","href":"https:\/\/api.w.org\/{rel}","templated":true}]}}