{"id":40920,"date":"2025-07-18T13:57:10","date_gmt":"2025-07-18T11:57:10","guid":{"rendered":"https:\/\/publimag.es\/producto\/montmelo\/"},"modified":"2025-07-18T13:58:05","modified_gmt":"2025-07-18T11:58:05","slug":"montmelo","status":"publish","type":"product","link":"https:\/\/publimag.es\/en\/product\/montmelo\/","title":{"rendered":"MONTMELO"},"content":{"rendered":"<p>Polo t\u00e9cnico en manga corta, especial para deporte. Combinado a dos colores. Cuello con abotonadura, cubrecosturas y tapeta en contraste de color. Tejido transpirable f\u00e1cil lavado y secado. <br \/>Composition: 100% polyester piqu\u00e9, 150 g\/m\u00b2.  <br \/>Observations: *Removable Label.<br \/>\n*Technical fabric.<br \/>\n*Breathable fabric.<br \/>\n<br \/><img decoding=\"async\" src=\"https:\/\/static.gorfactory.es\/pics\/measures\/PO_MC_HO.jpg\"><\/p>","protected":false},"excerpt":{"rendered":"<p>Polo t\u00e9cnico en manga corta, especial para deporte. Combinado a dos colores. Cuello con abotonadura, cubrecosturas y tapeta en contraste de color. Tejido transpirable f\u00e1cil lavado y secado. Composici\u00f3n: 100% poli\u00e9ster piqu\u00e9, 150 g\/m\u00b2. Observaciones: *Etiqueta Removible. *Tejido t\u00e9cnico. *Tejido transpirable.<\/p>","protected":false},"featured_media":40921,"comment_status":"open","ping_status":"closed","template":"","meta":[],"product_brand":[],"product_cat":[39,26,46,25,37],"product_tag":[],"class_list":{"0":"post-40920","1":"product","2":"type-product","3":"status-publish","4":"has-post-thumbnail","6":"product_cat-basic","7":"product_cat-cam_sp","8":"product_cat-sp_polshi","9":"product_cat-sports","10":"product_cat-workwear","12":"first","13":"instock","14":"shipping-taxable","15":"purchasable","16":"product-type-variable"},"_links":{"self":[{"href":"https:\/\/publimag.es\/en\/wp-json\/wp\/v2\/product\/40920","targetHints":{"allow":["GET"]}}],"collection":[{"href":"https:\/\/publimag.es\/en\/wp-json\/wp\/v2\/product"}],"about":[{"href":"https:\/\/publimag.es\/en\/wp-json\/wp\/v2\/types\/product"}],"replies":[{"embeddable":true,"href":"https:\/\/publimag.es\/en\/wp-json\/wp\/v2\/comments?post=40920"}],"wp:featuredmedia":[{"embeddable":true,"href":"https:\/\/publimag.es\/en\/wp-json\/wp\/v2\/media\/40921"}],"wp:attachment":[{"href":"https:\/\/publimag.es\/en\/wp-json\/wp\/v2\/media?parent=40920"}],"wp:term":[{"taxonomy":"product_brand","embeddable":true,"href":"https:\/\/publimag.es\/en\/wp-json\/wp\/v2\/product_brand?post=40920"},{"taxonomy":"product_cat","embeddable":true,"href":"https:\/\/publimag.es\/en\/wp-json\/wp\/v2\/product_cat?post=40920"},{"taxonomy":"product_tag","embeddable":true,"href":"https:\/\/publimag.es\/en\/wp-json\/wp\/v2\/product_tag?post=40920"}],"curies":[{"name":"wp","href":"https:\/\/api.w.org\/{rel}","templated":true}]}}