{"id":40971,"date":"2025-07-18T13:58:05","date_gmt":"2025-07-18T11:58:05","guid":{"rendered":"https:\/\/publimag.es\/producto\/cobain\/"},"modified":"2025-07-18T13:59:22","modified_gmt":"2025-07-18T11:59:22","slug":"cobain","status":"publish","type":"product","link":"https:\/\/publimag.es\/en\/product\/cobain\/","title":{"rendered":"COBAIN"},"content":{"rendered":"<p>Unisex short-sleeved polo shirt, 100% cotton with an acid wash finish. 1x1 ribbed collar and sleeves with side vents. Matching covered seams. Three-button placket.<br \/>Composition: 100% cotton, 200 g\/m\u00b2<br \/><img decoding=\"async\" src=\"https:\/\/static.gorfactory.es\/pics\/measures\/PO_MC_HO.jpg\"><\/p>","protected":false},"excerpt":{"rendered":"<p>Polo de manga corta unisex, 100% algod\u00f3n con acabado lavado \u00e1cido. Cuello y mangas en rib 1&#215;1, con aperturas laterales. Cubrecosturas al tono. Tapeta con tres botones.Composici\u00f3n: 100% algod\u00f3n, 200 g\/m\u00b2<\/p>","protected":false},"featured_media":40972,"comment_status":"open","ping_status":"closed","template":"","meta":[],"product_brand":[],"product_cat":[42,35,43],"product_tag":[],"class_list":{"0":"post-40971","1":"product","2":"type-product","3":"status-publish","4":"has-post-thumbnail","6":"product_cat-cam_po","7":"product_cat-novelty_roly","8":"product_cat-pol_s","10":"first","11":"instock","12":"shipping-taxable","13":"purchasable","14":"product-type-variable"},"_links":{"self":[{"href":"https:\/\/publimag.es\/en\/wp-json\/wp\/v2\/product\/40971","targetHints":{"allow":["GET"]}}],"collection":[{"href":"https:\/\/publimag.es\/en\/wp-json\/wp\/v2\/product"}],"about":[{"href":"https:\/\/publimag.es\/en\/wp-json\/wp\/v2\/types\/product"}],"replies":[{"embeddable":true,"href":"https:\/\/publimag.es\/en\/wp-json\/wp\/v2\/comments?post=40971"}],"wp:featuredmedia":[{"embeddable":true,"href":"https:\/\/publimag.es\/en\/wp-json\/wp\/v2\/media\/40972"}],"wp:attachment":[{"href":"https:\/\/publimag.es\/en\/wp-json\/wp\/v2\/media?parent=40971"}],"wp:term":[{"taxonomy":"product_brand","embeddable":true,"href":"https:\/\/publimag.es\/en\/wp-json\/wp\/v2\/product_brand?post=40971"},{"taxonomy":"product_cat","embeddable":true,"href":"https:\/\/publimag.es\/en\/wp-json\/wp\/v2\/product_cat?post=40971"},{"taxonomy":"product_tag","embeddable":true,"href":"https:\/\/publimag.es\/en\/wp-json\/wp\/v2\/product_tag?post=40971"}],"curies":[{"name":"wp","href":"https:\/\/api.w.org\/{rel}","templated":true}]}}