{"id":41028,"date":"2025-07-18T13:59:22","date_gmt":"2025-07-18T11:59:22","guid":{"rendered":"https:\/\/publimag.es\/producto\/carpe-child\/"},"modified":"2025-07-18T13:59:30","modified_gmt":"2025-07-18T11:59:30","slug":"carpe-child","status":"publish","type":"product","link":"https:\/\/publimag.es\/en\/product\/carpe-child\/","title":{"rendered":"CARPE CHILD"},"content":{"rendered":"<p>Long-sleeved polo shirt with ribbed collar and cuffs and a two-button placket. 1x1 ribbed cuffs with elastane and reinforced collar seam coverstitching.<br \/>Composition: 65% polyester \/ 35% cotton, piqu\u00e9 knit, 220 g\/m\u00b2.<br \/>Remarks: *Removable label.<br \/>\n<br \/><img decoding=\"async\" src=\"https:\/\/static.gorfactory.es\/pics\/measures\/PO_MC_HO.jpg\"><\/p>","protected":false},"excerpt":{"rendered":"<p>Polo de manga larga, cuello y bocamangas acanalado y tapeta de 2 botones. Pu\u00f1os canal\u00e9 1&#215;1 con elastano y cubrecosturas reforzado en cuello.Composici\u00f3n: 65% poli\u00e9ster \/ 35% algod\u00f3n, punto piqu\u00e9, 220 g\/m\u00b2.Observaciones: *Etiqueta removible.<\/p>","protected":false},"featured_media":41029,"comment_status":"open","ping_status":"closed","template":"","meta":[],"product_brand":[],"product_cat":[42,43],"product_tag":[],"class_list":{"0":"post-41028","1":"product","2":"type-product","3":"status-publish","4":"has-post-thumbnail","6":"product_cat-cam_po","7":"product_cat-pol_s","9":"first","10":"instock","11":"shipping-taxable","12":"purchasable","13":"product-type-variable"},"_links":{"self":[{"href":"https:\/\/publimag.es\/en\/wp-json\/wp\/v2\/product\/41028","targetHints":{"allow":["GET"]}}],"collection":[{"href":"https:\/\/publimag.es\/en\/wp-json\/wp\/v2\/product"}],"about":[{"href":"https:\/\/publimag.es\/en\/wp-json\/wp\/v2\/types\/product"}],"replies":[{"embeddable":true,"href":"https:\/\/publimag.es\/en\/wp-json\/wp\/v2\/comments?post=41028"}],"wp:featuredmedia":[{"embeddable":true,"href":"https:\/\/publimag.es\/en\/wp-json\/wp\/v2\/media\/41029"}],"wp:attachment":[{"href":"https:\/\/publimag.es\/en\/wp-json\/wp\/v2\/media?parent=41028"}],"wp:term":[{"taxonomy":"product_brand","embeddable":true,"href":"https:\/\/publimag.es\/en\/wp-json\/wp\/v2\/product_brand?post=41028"},{"taxonomy":"product_cat","embeddable":true,"href":"https:\/\/publimag.es\/en\/wp-json\/wp\/v2\/product_cat?post=41028"},{"taxonomy":"product_tag","embeddable":true,"href":"https:\/\/publimag.es\/en\/wp-json\/wp\/v2\/product_tag?post=41028"}],"curies":[{"name":"wp","href":"https:\/\/api.w.org\/{rel}","templated":true}]}}