{"id":41037,"date":"2025-07-18T13:59:30","date_gmt":"2025-07-18T11:59:30","guid":{"rendered":"https:\/\/publimag.es\/producto\/carpe\/"},"modified":"2025-07-18T14:00:26","modified_gmt":"2025-07-18T12:00:26","slug":"carpe","status":"publish","type":"product","link":"https:\/\/publimag.es\/en\/product\/carpe\/","title":{"rendered":"HORNBEAM"},"content":{"rendered":"<p>Long-sleeved polo shirt with a ribbed collar and cuffs, 1x1 ribbed elastane cuffs, and a reinforced collar cover. 3-button placket. Side vents.<br \/>Composition: 65% polyester \/ 35% cotton, pique knit, 220 g\/m\u00b2.<br \/>Remarks: *Navy color 55 available in 3XL.<br \/>\n*Optional pocket.<br \/>\n*Removable label.<br \/>\n<br \/><img decoding=\"async\" src=\"https:\/\/static.gorfactory.es\/pics\/measures\/PO_MC_HO.jpg\"><\/p>","protected":false},"excerpt":{"rendered":"<p>Polo de manga larga, con cuello y bocamangas acanalado, pu\u00f1os canal\u00e9 1&#215;1 con elastano y cubrecosturas reforzado en cuello. Tapeta de 3 botones. Aperturas laterales.Composici\u00f3n: 65% poli\u00e9ster \/ 35% algod\u00f3n, punto pique, 220 g\/m\u00b2.Observaciones: *Color marino 55 disponible en 3XL. *Bolsillo opcional. *Etiqueta removible.<\/p>","protected":false},"featured_media":41038,"comment_status":"open","ping_status":"closed","template":"","meta":[],"product_brand":[],"product_cat":[39,42,43,37],"product_tag":[],"class_list":{"0":"post-41037","1":"product","2":"type-product","3":"status-publish","4":"has-post-thumbnail","6":"product_cat-basic","7":"product_cat-cam_po","8":"product_cat-pol_s","9":"product_cat-workwear","11":"first","12":"instock","13":"shipping-taxable","14":"purchasable","15":"product-type-variable"},"_links":{"self":[{"href":"https:\/\/publimag.es\/en\/wp-json\/wp\/v2\/product\/41037","targetHints":{"allow":["GET"]}}],"collection":[{"href":"https:\/\/publimag.es\/en\/wp-json\/wp\/v2\/product"}],"about":[{"href":"https:\/\/publimag.es\/en\/wp-json\/wp\/v2\/types\/product"}],"replies":[{"embeddable":true,"href":"https:\/\/publimag.es\/en\/wp-json\/wp\/v2\/comments?post=41037"}],"wp:featuredmedia":[{"embeddable":true,"href":"https:\/\/publimag.es\/en\/wp-json\/wp\/v2\/media\/41038"}],"wp:attachment":[{"href":"https:\/\/publimag.es\/en\/wp-json\/wp\/v2\/media?parent=41037"}],"wp:term":[{"taxonomy":"product_brand","embeddable":true,"href":"https:\/\/publimag.es\/en\/wp-json\/wp\/v2\/product_brand?post=41037"},{"taxonomy":"product_cat","embeddable":true,"href":"https:\/\/publimag.es\/en\/wp-json\/wp\/v2\/product_cat?post=41037"},{"taxonomy":"product_tag","embeddable":true,"href":"https:\/\/publimag.es\/en\/wp-json\/wp\/v2\/product_tag?post=41037"}],"curies":[{"name":"wp","href":"https:\/\/api.w.org\/{rel}","templated":true}]}}