{"id":41089,"date":"2025-07-18T14:00:27","date_gmt":"2025-07-18T12:00:27","guid":{"rendered":"https:\/\/publimag.es\/producto\/centauro-premium\/"},"modified":"2025-07-18T14:01:28","modified_gmt":"2025-07-18T12:01:28","slug":"centauro-premium","status":"publish","type":"product","link":"https:\/\/publimag.es\/en\/product\/centauro-premium\/","title":{"rendered":"CENTAUR PREMIUM"},"content":{"rendered":"<p>Polo de manga corta con bolsillo en pecho izquierdo. Cuello y ribete de manga en canal\u00e9 1&#215;1 con detalle en relieve. Tapeta con 3 botones. Cubrecosturas reforzado en cuello.<br \/>Composition: 60% Cotton \/ 40% Polyester, piqu\u00e9 knit.<br \/>\nColor: 190 g\/m\u00b2. Blanco: 220 g\/m\u00b2 .<br \/>\nGrey vigor\u00e9 58: 85% cotton \/ 15% viscose.<br \/>Remarks: *Removable label.<br \/>\n*ANTI-PILLING treatment. <br \/><img decoding=\"async\" src=\"https:\/\/static.gorfactory.es\/pics\/measures\/PO_MC_HO.jpg\"><\/p>","protected":false},"excerpt":{"rendered":"<p>Polo de manga corta con bolsillo en pecho izquierdo. Cuello y ribete de manga en canal\u00e9 1&#215;1 con detalle en relieve. Tapeta con 3 botones. Cubrecosturas reforzado en cuello.Composici\u00f3n: 60% Algod\u00f3n \/ 40% Poli\u00e9ster, punto piqu\u00e9. Color: 190 g\/m\u00b2. Blanco: 220 g\/m\u00b2 . Color gris vigor\u00e9 58: 85% algod\u00f3n \/ 15% viscosa.Observaciones: *Etiqueta removible. *Tratamiento&hellip;<\/p>","protected":false},"featured_media":41090,"comment_status":"open","ping_status":"closed","template":"","meta":[],"product_brand":[],"product_cat":[39,42,43,37],"product_tag":[],"class_list":{"0":"post-41089","1":"product","2":"type-product","3":"status-publish","4":"has-post-thumbnail","6":"product_cat-basic","7":"product_cat-cam_po","8":"product_cat-pol_s","9":"product_cat-workwear","11":"first","12":"instock","13":"shipping-taxable","14":"purchasable","15":"product-type-variable"},"_links":{"self":[{"href":"https:\/\/publimag.es\/en\/wp-json\/wp\/v2\/product\/41089","targetHints":{"allow":["GET"]}}],"collection":[{"href":"https:\/\/publimag.es\/en\/wp-json\/wp\/v2\/product"}],"about":[{"href":"https:\/\/publimag.es\/en\/wp-json\/wp\/v2\/types\/product"}],"replies":[{"embeddable":true,"href":"https:\/\/publimag.es\/en\/wp-json\/wp\/v2\/comments?post=41089"}],"wp:featuredmedia":[{"embeddable":true,"href":"https:\/\/publimag.es\/en\/wp-json\/wp\/v2\/media\/41090"}],"wp:attachment":[{"href":"https:\/\/publimag.es\/en\/wp-json\/wp\/v2\/media?parent=41089"}],"wp:term":[{"taxonomy":"product_brand","embeddable":true,"href":"https:\/\/publimag.es\/en\/wp-json\/wp\/v2\/product_brand?post=41089"},{"taxonomy":"product_cat","embeddable":true,"href":"https:\/\/publimag.es\/en\/wp-json\/wp\/v2\/product_cat?post=41089"},{"taxonomy":"product_tag","embeddable":true,"href":"https:\/\/publimag.es\/en\/wp-json\/wp\/v2\/product_tag?post=41089"}],"curies":[{"name":"wp","href":"https:\/\/api.w.org\/{rel}","templated":true}]}}