{"id":41311,"date":"2025-07-18T14:04:11","date_gmt":"2025-07-18T12:04:11","guid":{"rendered":"https:\/\/publimag.es\/producto\/prince\/"},"modified":"2025-07-18T14:05:15","modified_gmt":"2025-07-18T12:05:15","slug":"prince","status":"publish","type":"product","link":"https:\/\/publimag.es\/en\/product\/prince\/","title":{"rendered":"PRINCE"},"content":{"rendered":"<p>Short-sleeved polo shirt in OCS-certified organic cotton. 1x1 ribbed collar and sleeve trim. 2-button placket. Reinforced covered seams at the collar. Side vents at the hem. Optional pocket.<br \/>Composition: 100% organic cotton, piqu\u00e9 knit 210 g\/m\u00b2<br \/>\nVigor\u00e9 grey colour 58: 85% organic cotton and 15% viscose<br \/>Remarks: * Removable label<br \/>\n* Duo concept<br \/>\n* Organic fabric 139218-OCS<br \/><img decoding=\"async\" src=\"https:\/\/static.gorfactory.es\/pics\/measures\/PO_MC_HO.jpg\"><\/p>","protected":false},"excerpt":{"rendered":"<p>Polo de manga corta en algod\u00f3n org\u00e1nico certificado OCS. Cuello y ribete de mangas en canal\u00e9 1&#215;1. Tapeta con 2 botones. Cubrecosturas reforzado en cuello. Aperturas laterales en el bajo. Bolsillo opcional.Composici\u00f3n: 100% algod\u00f3n org\u00e1nico, punto piqu\u00e9 210 g\/m\u00b2 color gris vigor\u00e9 58: 85% algod\u00f3n org\u00e1nico y 15% viscosaObservaciones: * Etiqueta removible * Duo concept&hellip;<\/p>","protected":false},"featured_media":41312,"comment_status":"open","ping_status":"closed","template":"","meta":[],"product_brand":[],"product_cat":[39,42,28,43,37],"product_tag":[],"class_list":{"0":"post-41311","1":"product","2":"type-product","3":"status-publish","4":"has-post-thumbnail","6":"product_cat-basic","7":"product_cat-cam_po","8":"product_cat-rolyeco","9":"product_cat-pol_s","10":"product_cat-workwear","12":"first","13":"instock","14":"shipping-taxable","15":"purchasable","16":"product-type-variable"},"_links":{"self":[{"href":"https:\/\/publimag.es\/en\/wp-json\/wp\/v2\/product\/41311","targetHints":{"allow":["GET"]}}],"collection":[{"href":"https:\/\/publimag.es\/en\/wp-json\/wp\/v2\/product"}],"about":[{"href":"https:\/\/publimag.es\/en\/wp-json\/wp\/v2\/types\/product"}],"replies":[{"embeddable":true,"href":"https:\/\/publimag.es\/en\/wp-json\/wp\/v2\/comments?post=41311"}],"wp:featuredmedia":[{"embeddable":true,"href":"https:\/\/publimag.es\/en\/wp-json\/wp\/v2\/media\/41312"}],"wp:attachment":[{"href":"https:\/\/publimag.es\/en\/wp-json\/wp\/v2\/media?parent=41311"}],"wp:term":[{"taxonomy":"product_brand","embeddable":true,"href":"https:\/\/publimag.es\/en\/wp-json\/wp\/v2\/product_brand?post=41311"},{"taxonomy":"product_cat","embeddable":true,"href":"https:\/\/publimag.es\/en\/wp-json\/wp\/v2\/product_cat?post=41311"},{"taxonomy":"product_tag","embeddable":true,"href":"https:\/\/publimag.es\/en\/wp-json\/wp\/v2\/product_tag?post=41311"}],"curies":[{"name":"wp","href":"https:\/\/api.w.org\/{rel}","templated":true}]}}