{"id":41369,"date":"2025-07-18T14:05:15","date_gmt":"2025-07-18T12:05:15","guid":{"rendered":"https:\/\/publimag.es\/producto\/prince-woman\/"},"modified":"2025-07-18T14:06:19","modified_gmt":"2025-07-18T12:06:19","slug":"prince-woman","status":"publish","type":"product","link":"https:\/\/publimag.es\/en\/product\/prince-woman\/","title":{"rendered":"PRINCE WOMAN"},"content":{"rendered":"<p>Women&#039;s fitted, short-sleeved polo shirt in OCS-certified organic cotton. 1x1 ribbed collar and sleeve trim. 2-button placket. Reinforced covered seams at the collar. Side slits at the hem.<br \/>\n<br \/>Composition: 100% organic cotton, piqu\u00e9 knit 210 g\/m\u00b2<br \/>\nColor grey vigor\u00e9 58: 85% organic cotton and 15% viscose<br \/>Remarks: * Removable label<br \/>\n* Duo concept<br \/>\n* Organic fabric 139218-OCS<br \/><img decoding=\"async\" src=\"https:\/\/static.gorfactory.es\/pics\/measures\/PO_MC_MU.jpg\"><\/p>","protected":false},"excerpt":{"rendered":"<p>Polo de mujer entallado de manga corta en algod\u00f3n org\u00e1nico certificado OCS. Cuello y ribete de mangas en canal\u00e9 1&#215;1. Tapeta con 2 botones. Cubrecosturas reforzado en cuello. Aperturas laterales en el bajo. Composici\u00f3n: 100% algod\u00f3n org\u00e1nico, punto piqu\u00e9 210 g\/m\u00b2 Color gris vigor\u00e9 58: 85% algod\u00f3n org\u00e1nico y 15% viscosaObservaciones: * Etiqueta removible *&hellip;<\/p>","protected":false},"featured_media":41370,"comment_status":"open","ping_status":"closed","template":"","meta":[],"product_brand":[],"product_cat":[39,42,28,43,37],"product_tag":[],"class_list":{"0":"post-41369","1":"product","2":"type-product","3":"status-publish","4":"has-post-thumbnail","6":"product_cat-basic","7":"product_cat-cam_po","8":"product_cat-rolyeco","9":"product_cat-pol_s","10":"product_cat-workwear","12":"first","13":"instock","14":"shipping-taxable","15":"purchasable","16":"product-type-variable"},"_links":{"self":[{"href":"https:\/\/publimag.es\/en\/wp-json\/wp\/v2\/product\/41369","targetHints":{"allow":["GET"]}}],"collection":[{"href":"https:\/\/publimag.es\/en\/wp-json\/wp\/v2\/product"}],"about":[{"href":"https:\/\/publimag.es\/en\/wp-json\/wp\/v2\/types\/product"}],"replies":[{"embeddable":true,"href":"https:\/\/publimag.es\/en\/wp-json\/wp\/v2\/comments?post=41369"}],"wp:featuredmedia":[{"embeddable":true,"href":"https:\/\/publimag.es\/en\/wp-json\/wp\/v2\/media\/41370"}],"wp:attachment":[{"href":"https:\/\/publimag.es\/en\/wp-json\/wp\/v2\/media?parent=41369"}],"wp:term":[{"taxonomy":"product_brand","embeddable":true,"href":"https:\/\/publimag.es\/en\/wp-json\/wp\/v2\/product_brand?post=41369"},{"taxonomy":"product_cat","embeddable":true,"href":"https:\/\/publimag.es\/en\/wp-json\/wp\/v2\/product_cat?post=41369"},{"taxonomy":"product_tag","embeddable":true,"href":"https:\/\/publimag.es\/en\/wp-json\/wp\/v2\/product_tag?post=41369"}],"curies":[{"name":"wp","href":"https:\/\/api.w.org\/{rel}","templated":true}]}}