{"id":41473,"date":"2025-07-18T14:07:10","date_gmt":"2025-07-18T12:07:10","guid":{"rendered":"https:\/\/publimag.es\/producto\/austral\/"},"modified":"2025-07-18T14:08:17","modified_gmt":"2025-07-18T12:08:17","slug":"austral","status":"publish","type":"product","link":"https:\/\/publimag.es\/en\/product\/austral\/","title":{"rendered":"SOUTHERN"},"content":{"rendered":"<p>Short-sleeved polo shirt with a ribbed collar and 3-button placket. Reinforced collar with covered seams.<br \/>Composition: 100% cotton, piqu\u00e9 knit, 180 g\/m\u00b2.<br \/>Remarks: *Removable label.<br \/><img decoding=\"async\" src=\"https:\/\/static.gorfactory.es\/pics\/measures\/PO_MC_HO.jpg\"><\/p>","protected":false},"excerpt":{"rendered":"<p>Polo de manga corta, con cuello acanalado y tapeta de 3 botones. Cubrecosturas reforzado en cuello.Composici\u00f3n: 100% algod\u00f3n, punto piqu\u00e9, 180 g\/m\u00b2.Observaciones: *Etiqueta removible.<\/p>","protected":false},"featured_media":41474,"comment_status":"open","ping_status":"closed","template":"","meta":[],"product_brand":[],"product_cat":[39,42,43,37],"product_tag":[],"class_list":{"0":"post-41473","1":"product","2":"type-product","3":"status-publish","4":"has-post-thumbnail","6":"product_cat-basic","7":"product_cat-cam_po","8":"product_cat-pol_s","9":"product_cat-workwear","11":"first","12":"instock","13":"shipping-taxable","14":"purchasable","15":"product-type-variable"},"_links":{"self":[{"href":"https:\/\/publimag.es\/en\/wp-json\/wp\/v2\/product\/41473","targetHints":{"allow":["GET"]}}],"collection":[{"href":"https:\/\/publimag.es\/en\/wp-json\/wp\/v2\/product"}],"about":[{"href":"https:\/\/publimag.es\/en\/wp-json\/wp\/v2\/types\/product"}],"replies":[{"embeddable":true,"href":"https:\/\/publimag.es\/en\/wp-json\/wp\/v2\/comments?post=41473"}],"wp:featuredmedia":[{"embeddable":true,"href":"https:\/\/publimag.es\/en\/wp-json\/wp\/v2\/media\/41474"}],"wp:attachment":[{"href":"https:\/\/publimag.es\/en\/wp-json\/wp\/v2\/media?parent=41473"}],"wp:term":[{"taxonomy":"product_brand","embeddable":true,"href":"https:\/\/publimag.es\/en\/wp-json\/wp\/v2\/product_brand?post=41473"},{"taxonomy":"product_cat","embeddable":true,"href":"https:\/\/publimag.es\/en\/wp-json\/wp\/v2\/product_cat?post=41473"},{"taxonomy":"product_tag","embeddable":true,"href":"https:\/\/publimag.es\/en\/wp-json\/wp\/v2\/product_tag?post=41473"}],"curies":[{"name":"wp","href":"https:\/\/api.w.org\/{rel}","templated":true}]}}