{"id":41905,"date":"2025-07-18T14:15:11","date_gmt":"2025-07-18T12:15:11","guid":{"rendered":"https:\/\/publimag.es\/producto\/estrella-woman-l-s\/"},"modified":"2025-07-18T14:16:51","modified_gmt":"2025-07-18T12:16:51","slug":"estrella-woman-l-s","status":"publish","type":"product","link":"https:\/\/publimag.es\/en\/product\/estrella-woman-l-s\/","title":{"rendered":"ESTRELLA WOMAN L\/S"},"content":{"rendered":"<p>Long-sleeved polo shirt with a ribbed collar and cuffs, a 3-button placket, and 1x1 ribbed cuffs with elastane. Reinforced collar with covered seams, slim fit.<br \/>Composition: 100% cotton, pique knit, 220 g\/m\u00b2.<br \/>\nGrey vigor\u00e9 58: 85% cotton \/ 15% viscose.<br \/>Remarks: *Removable label.<br \/>\n*Duo Concept.<br \/><img decoding=\"async\" src=\"https:\/\/static.gorfactory.es\/pics\/measures\/PO_MC_MU.jpg\"><\/p>","protected":false},"excerpt":{"rendered":"<p>Polo de manga larga con cuello y bocamangas acanalado, tapeta de 3 botones y pu\u00f1os canal\u00e9 1&#215;1 con elastano. Cubrecosturas reforzado en cuello, corte entallado.Composici\u00f3n: 100% algod\u00f3n, punto pique, 220 g\/m\u00b2. Color gris vigor\u00e9 58: 85% algod\u00f3n \/ 15% viscosa.Observaciones: *Etiqueta removible. *Duo Concept.<\/p>","protected":false},"featured_media":41906,"comment_status":"open","ping_status":"closed","template":"","meta":[],"product_brand":[],"product_cat":[39,42,43,37],"product_tag":[],"class_list":{"0":"post-41905","1":"product","2":"type-product","3":"status-publish","4":"has-post-thumbnail","6":"product_cat-basic","7":"product_cat-cam_po","8":"product_cat-pol_s","9":"product_cat-workwear","11":"first","12":"instock","13":"shipping-taxable","14":"purchasable","15":"product-type-variable"},"_links":{"self":[{"href":"https:\/\/publimag.es\/en\/wp-json\/wp\/v2\/product\/41905","targetHints":{"allow":["GET"]}}],"collection":[{"href":"https:\/\/publimag.es\/en\/wp-json\/wp\/v2\/product"}],"about":[{"href":"https:\/\/publimag.es\/en\/wp-json\/wp\/v2\/types\/product"}],"replies":[{"embeddable":true,"href":"https:\/\/publimag.es\/en\/wp-json\/wp\/v2\/comments?post=41905"}],"wp:featuredmedia":[{"embeddable":true,"href":"https:\/\/publimag.es\/en\/wp-json\/wp\/v2\/media\/41906"}],"wp:attachment":[{"href":"https:\/\/publimag.es\/en\/wp-json\/wp\/v2\/media?parent=41905"}],"wp:term":[{"taxonomy":"product_brand","embeddable":true,"href":"https:\/\/publimag.es\/en\/wp-json\/wp\/v2\/product_brand?post=41905"},{"taxonomy":"product_cat","embeddable":true,"href":"https:\/\/publimag.es\/en\/wp-json\/wp\/v2\/product_cat?post=41905"},{"taxonomy":"product_tag","embeddable":true,"href":"https:\/\/publimag.es\/en\/wp-json\/wp\/v2\/product_tag?post=41905"}],"curies":[{"name":"wp","href":"https:\/\/api.w.org\/{rel}","templated":true}]}}