{"id":41991,"date":"2025-07-18T14:16:51","date_gmt":"2025-07-18T12:16:51","guid":{"rendered":"https:\/\/publimag.es\/producto\/star\/"},"modified":"2025-07-18T14:23:40","modified_gmt":"2025-07-18T12:23:40","slug":"star","status":"publish","type":"product","link":"https:\/\/publimag.es\/en\/product\/star\/","title":{"rendered":"STAR"},"content":{"rendered":"<p>Men&#039;s short-sleeved polo shirt. Reinforced covered seams on the inside of the collar. Ribbed sleeve and collar trim. Side seams. Three-button placket. Side vents at the hem.<br \/>Composition: 100% cotton, piqu\u00e9 knit, 200 g\/m\u00b2.<br \/>\nGrey vigor\u00e9 58: 85% cotton, 15% viscose.<br \/>Remarks: *Optional pocket.<br \/>\n*Removable label.<br \/>\n*Duo concept.<br \/>\n*Available in children&#039;s sizes.<br \/><img decoding=\"async\" src=\"https:\/\/static.gorfactory.es\/pics\/measures\/PO_MC_HO.jpg\"><\/p>","protected":false},"excerpt":{"rendered":"<p>Polo de hombre de manga corta. Cubrecosturas reforzado en el interior del cuello. Ribete de manga y cuello acanalado. Costuras laterales. Tapeta con tres botones. Aperturas en los laterales del bajo.Composici\u00f3n: 100% algod\u00f3n, punto piqu\u00e9, 200 g\/m\u00b2. Color gris vigor\u00e9 58: 85% algod\u00f3n, 15% viscosa.Observaciones: *Bolsillo opcional. *Etiqueta removible. *Duo concept. *Disponible en tallas infantiles.<\/p>","protected":false},"featured_media":41992,"comment_status":"open","ping_status":"closed","template":"","meta":[],"product_brand":[],"product_cat":[39,42,43,37],"product_tag":[],"class_list":{"0":"post-41991","1":"product","2":"type-product","3":"status-publish","4":"has-post-thumbnail","6":"product_cat-basic","7":"product_cat-cam_po","8":"product_cat-pol_s","9":"product_cat-workwear","11":"first","12":"instock","13":"shipping-taxable","14":"purchasable","15":"product-type-variable"},"_links":{"self":[{"href":"https:\/\/publimag.es\/en\/wp-json\/wp\/v2\/product\/41991","targetHints":{"allow":["GET"]}}],"collection":[{"href":"https:\/\/publimag.es\/en\/wp-json\/wp\/v2\/product"}],"about":[{"href":"https:\/\/publimag.es\/en\/wp-json\/wp\/v2\/types\/product"}],"replies":[{"embeddable":true,"href":"https:\/\/publimag.es\/en\/wp-json\/wp\/v2\/comments?post=41991"}],"wp:featuredmedia":[{"embeddable":true,"href":"https:\/\/publimag.es\/en\/wp-json\/wp\/v2\/media\/41992"}],"wp:attachment":[{"href":"https:\/\/publimag.es\/en\/wp-json\/wp\/v2\/media?parent=41991"}],"wp:term":[{"taxonomy":"product_brand","embeddable":true,"href":"https:\/\/publimag.es\/en\/wp-json\/wp\/v2\/product_brand?post=41991"},{"taxonomy":"product_cat","embeddable":true,"href":"https:\/\/publimag.es\/en\/wp-json\/wp\/v2\/product_cat?post=41991"},{"taxonomy":"product_tag","embeddable":true,"href":"https:\/\/publimag.es\/en\/wp-json\/wp\/v2\/product_tag?post=41991"}],"curies":[{"name":"wp","href":"https:\/\/api.w.org\/{rel}","templated":true}]}}