{"id":42490,"date":"2025-07-18T14:26:39","date_gmt":"2025-07-18T12:26:39","guid":{"rendered":"https:\/\/publimag.es\/producto\/rover\/"},"modified":"2025-07-18T14:27:11","modified_gmt":"2025-07-18T12:27:11","slug":"rover","status":"publish","type":"product","link":"https:\/\/publimag.es\/en\/product\/rover\/","title":{"rendered":"Rover"},"content":{"rendered":"<p>Short-sleeved polo shirt.<br \/>\n\u00b7 1\u00d71 ribbed collar and sleeve trim.<br \/>\n\u00b7 Velcro-closure placket. Reinforced seam covers at the neck.<br \/>\n\u00b7 Side openings at the bottom. <br \/>Composition: 100% cotton, piqu\u00e9.<br \/>\nColor: 200 g\/m\u00b2<br \/>\nWhite: 210 g\/m\u00b2<br \/>Remarks: * Removable label.<br \/>\n<br \/><img decoding=\"async\" src=\"https:\/\/static.gorfactory.es\/pics\/measures\/PO_MC_HO.jpg\"><\/p>","protected":false},"excerpt":{"rendered":"<p>Polo de manga corta. \u00b7 Cuello y ribete de manga en canal\u00e9 1&#215;1. \u00b7 Tapeta con cierre de velcro. Cubre costuras reforzado en cuello. \u00b7 Aperturas laterales en el bajo. Composici\u00f3n: 100% algod\u00f3n, piqu\u00e9. Color: 200 g\/m\u00b2 Blanco: 210 g\/m\u00b2Observaciones: * Etiqueta removible.<\/p>","protected":false},"featured_media":42491,"comment_status":"open","ping_status":"closed","template":"","meta":[],"product_brand":[],"product_cat":[78,37],"product_tag":[],"class_list":{"0":"post-42490","1":"product","2":"type-product","3":"status-publish","4":"has-post-thumbnail","6":"product_cat-food","7":"product_cat-workwear","9":"first","10":"instock","11":"shipping-taxable","12":"purchasable","13":"product-type-variable"},"_links":{"self":[{"href":"https:\/\/publimag.es\/en\/wp-json\/wp\/v2\/product\/42490","targetHints":{"allow":["GET"]}}],"collection":[{"href":"https:\/\/publimag.es\/en\/wp-json\/wp\/v2\/product"}],"about":[{"href":"https:\/\/publimag.es\/en\/wp-json\/wp\/v2\/types\/product"}],"replies":[{"embeddable":true,"href":"https:\/\/publimag.es\/en\/wp-json\/wp\/v2\/comments?post=42490"}],"wp:featuredmedia":[{"embeddable":true,"href":"https:\/\/publimag.es\/en\/wp-json\/wp\/v2\/media\/42491"}],"wp:attachment":[{"href":"https:\/\/publimag.es\/en\/wp-json\/wp\/v2\/media?parent=42490"}],"wp:term":[{"taxonomy":"product_brand","embeddable":true,"href":"https:\/\/publimag.es\/en\/wp-json\/wp\/v2\/product_brand?post=42490"},{"taxonomy":"product_cat","embeddable":true,"href":"https:\/\/publimag.es\/en\/wp-json\/wp\/v2\/product_cat?post=42490"},{"taxonomy":"product_tag","embeddable":true,"href":"https:\/\/publimag.es\/en\/wp-json\/wp\/v2\/product_tag?post=42490"}],"curies":[{"name":"wp","href":"https:\/\/api.w.org\/{rel}","templated":true}]}}