{"id":42515,"date":"2025-07-18T14:27:11","date_gmt":"2025-07-18T12:27:11","guid":{"rendered":"https:\/\/publimag.es\/producto\/rover-l-s\/"},"modified":"2025-07-18T14:27:43","modified_gmt":"2025-07-18T12:27:43","slug":"rover-l-s","status":"publish","type":"product","link":"https:\/\/publimag.es\/en\/product\/rover-l-s\/","title":{"rendered":"ROVER L\/S"},"content":{"rendered":"<p>Long-sleeved polo shirt.<br \/>\n\u00b7 1\u00d71 ribbed collar and cuffs.<br \/>\n\u00b7 Placket with velcro closure.<br \/>\n\u00b7 Reinforced seam covers on the neck.<br \/>\n\u00b7 Side openings at the bottom.<br \/>Composition: 100% cotton piqu\u00e9.<br \/>\nColor: 200 g\/m\u00b2<br \/>\nWhite: 210 g\/m\u00b2<br \/>Remarks: * Removable label. <br \/><img decoding=\"async\" src=\"https:\/\/static.gorfactory.es\/pics\/measures\/PO_MC_HO.jpg\"><\/p>","protected":false},"excerpt":{"rendered":"<p>Polo de manga larga. \u00b7 Cuello y pu\u00f1os en canal\u00e9 1&#215;1. \u00b7 Tapeta con cierre de velcro. \u00b7 Cubre costuras reforzado en cuello. \u00b7 Aperturas laterales en el bajo.Composici\u00f3n: 100% algod\u00f3n piqu\u00e9. Color: 200 g\/m\u00b2 Blanco: 210 g\/m\u00b2Observaciones: * Etiqueta removible.<\/p>","protected":false},"featured_media":42516,"comment_status":"open","ping_status":"closed","template":"","meta":[],"product_brand":[],"product_cat":[78,37],"product_tag":[],"class_list":{"0":"post-42515","1":"product","2":"type-product","3":"status-publish","4":"has-post-thumbnail","6":"product_cat-food","7":"product_cat-workwear","9":"first","10":"instock","11":"shipping-taxable","12":"purchasable","13":"product-type-variable"},"_links":{"self":[{"href":"https:\/\/publimag.es\/en\/wp-json\/wp\/v2\/product\/42515","targetHints":{"allow":["GET"]}}],"collection":[{"href":"https:\/\/publimag.es\/en\/wp-json\/wp\/v2\/product"}],"about":[{"href":"https:\/\/publimag.es\/en\/wp-json\/wp\/v2\/types\/product"}],"replies":[{"embeddable":true,"href":"https:\/\/publimag.es\/en\/wp-json\/wp\/v2\/comments?post=42515"}],"wp:featuredmedia":[{"embeddable":true,"href":"https:\/\/publimag.es\/en\/wp-json\/wp\/v2\/media\/42516"}],"wp:attachment":[{"href":"https:\/\/publimag.es\/en\/wp-json\/wp\/v2\/media?parent=42515"}],"wp:term":[{"taxonomy":"product_brand","embeddable":true,"href":"https:\/\/publimag.es\/en\/wp-json\/wp\/v2\/product_brand?post=42515"},{"taxonomy":"product_cat","embeddable":true,"href":"https:\/\/publimag.es\/en\/wp-json\/wp\/v2\/product_cat?post=42515"},{"taxonomy":"product_tag","embeddable":true,"href":"https:\/\/publimag.es\/en\/wp-json\/wp\/v2\/product_tag?post=42515"}],"curies":[{"name":"wp","href":"https:\/\/api.w.org\/{rel}","templated":true}]}}