{"id":42539,"date":"2025-07-18T14:27:44","date_gmt":"2025-07-18T12:27:44","guid":{"rendered":"https:\/\/publimag.es\/producto\/samurai\/"},"modified":"2025-07-18T14:28:35","modified_gmt":"2025-07-18T12:28:35","slug":"samurai","status":"publish","type":"product","link":"https:\/\/publimag.es\/en\/product\/samurai\/","title":{"rendered":"SAMURAI"},"content":{"rendered":"<p>Antibacterial short-sleeved polo shirt with color-coordinated fabric.<br \/>\n\u00b7 Neck and half sleeve in 1\u00d71 rib trim.<br \/>\n\u00b7 Reinforced seam covers on the neck.<br \/>\n\u00b7 Placket with 2 buttons.<br \/>\n\u00b7 Contrasting shoulder pieces and details.<br \/>\n\u00b7 Side openings at the bottom.<br \/>\n\u00b7 Optional pocket.<br \/>Composition: 100% antibacterial piqu\u00e9 polyester, 160 g\/m\u00b2.<br \/>Remarks: * Removable label.<br \/><img decoding=\"async\" src=\"https:\/\/static.gorfactory.es\/pics\/measures\/PO_MC_HO.jpg\"><\/p>","protected":false},"excerpt":{"rendered":"<p>Polo de manga corta antibacteriano con colores combinados. \u00b7 Cuello y mitad de la manga en ribete de canal\u00e9 1&#215;1. \u00b7 Cubre costuras reforzado en cuello. \u00b7 Tapeta con 2 botones. \u00b7 Piezas de hombros y detalles a contraste. \u00b7 Aperturas laterales en el bajo. \u00b7 Bolsillo opcional.Composici\u00f3n: 100% poli\u00e9ster piqu\u00e9 antibacteriano, 160 g\/m\u00b2.Observaciones: *&hellip;<\/p>","protected":false},"featured_media":42540,"comment_status":"open","ping_status":"closed","template":"","meta":[],"product_brand":[],"product_cat":[66,37],"product_tag":[],"class_list":{"0":"post-42539","1":"product","2":"type-product","3":"status-publish","4":"has-post-thumbnail","6":"product_cat-industry_services","7":"product_cat-workwear","9":"first","10":"instock","11":"shipping-taxable","12":"purchasable","13":"product-type-variable"},"_links":{"self":[{"href":"https:\/\/publimag.es\/en\/wp-json\/wp\/v2\/product\/42539","targetHints":{"allow":["GET"]}}],"collection":[{"href":"https:\/\/publimag.es\/en\/wp-json\/wp\/v2\/product"}],"about":[{"href":"https:\/\/publimag.es\/en\/wp-json\/wp\/v2\/types\/product"}],"replies":[{"embeddable":true,"href":"https:\/\/publimag.es\/en\/wp-json\/wp\/v2\/comments?post=42539"}],"wp:featuredmedia":[{"embeddable":true,"href":"https:\/\/publimag.es\/en\/wp-json\/wp\/v2\/media\/42540"}],"wp:attachment":[{"href":"https:\/\/publimag.es\/en\/wp-json\/wp\/v2\/media?parent=42539"}],"wp:term":[{"taxonomy":"product_brand","embeddable":true,"href":"https:\/\/publimag.es\/en\/wp-json\/wp\/v2\/product_brand?post=42539"},{"taxonomy":"product_cat","embeddable":true,"href":"https:\/\/publimag.es\/en\/wp-json\/wp\/v2\/product_cat?post=42539"},{"taxonomy":"product_tag","embeddable":true,"href":"https:\/\/publimag.es\/en\/wp-json\/wp\/v2\/product_tag?post=42539"}],"curies":[{"name":"wp","href":"https:\/\/api.w.org\/{rel}","templated":true}]}}