{"id":42787,"date":"2025-07-18T14:32:45","date_gmt":"2025-07-18T12:32:45","guid":{"rendered":"https:\/\/publimag.es\/producto\/norway-woman\/"},"modified":"2025-07-18T14:33:18","modified_gmt":"2025-07-18T12:33:18","slug":"norway-woman","status":"publish","type":"product","link":"https:\/\/publimag.es\/en\/product\/norway-woman\/","title":{"rendered":"NORWAY WOMAN"},"content":{"rendered":"<p>Women&#039;s padded jacket with feather-touch padding and hood.<br \/>\n\u00b7Inverted zipper with chin guard.<br \/>\n\u00b7Two side pockets with zippers.<br \/>\n\u00b7Matching elastic trim on cuffs, hem and hood opening.<br \/>\n\u00b7Contrasting inner lining.<br \/>\n\u00b7Lightweight and foldable garment.<br \/>\n\u00b7Fitted cut.<br \/>Composition: Exterior: 100% polyester, 300T.<br \/>\nLining: 100% polyester.<br \/>\nWadding: 100% polyester, feather effect.<br \/>\n290 g\/m\u00b2.<br \/>Remarks: *Water resistant.<br \/>\n*Windproof model.<br \/>\n*Duo concept.<\/p>","protected":false},"excerpt":{"rendered":"<p>Chaqueta de mujer acolchada con relleno tacto pluma y capucha. \u00b7Cremallera invertida a tono con protector de barbilla. \u00b7Dos bolsillos laterales con cremalleras. \u00b7Ribete el\u00e1stico a tono en pu\u00f1os, bajos y apertura de capucha. \u00b7Forro interior a contraste. \u00b7Prenda ligera y plegable. \u00b7Corte entallado.Composici\u00f3n: Exterior: 100% poli\u00e9ster, 300T. Forro: 100% poli\u00e9ster. Guata: 100% poli\u00e9ster, efecto&hellip;<\/p>","protected":false},"featured_media":42788,"comment_status":"open","ping_status":"closed","template":"","meta":[],"product_brand":[],"product_cat":[52,55,39,37],"product_tag":[],"class_list":{"0":"post-42787","1":"product","2":"type-product","3":"status-publish","4":"has-post-thumbnail","6":"product_cat-coats","7":"product_cat-subcoats","8":"product_cat-basic","9":"product_cat-workwear","11":"first","12":"instock","13":"shipping-taxable","14":"purchasable","15":"product-type-variable"},"_links":{"self":[{"href":"https:\/\/publimag.es\/en\/wp-json\/wp\/v2\/product\/42787","targetHints":{"allow":["GET"]}}],"collection":[{"href":"https:\/\/publimag.es\/en\/wp-json\/wp\/v2\/product"}],"about":[{"href":"https:\/\/publimag.es\/en\/wp-json\/wp\/v2\/types\/product"}],"replies":[{"embeddable":true,"href":"https:\/\/publimag.es\/en\/wp-json\/wp\/v2\/comments?post=42787"}],"wp:featuredmedia":[{"embeddable":true,"href":"https:\/\/publimag.es\/en\/wp-json\/wp\/v2\/media\/42788"}],"wp:attachment":[{"href":"https:\/\/publimag.es\/en\/wp-json\/wp\/v2\/media?parent=42787"}],"wp:term":[{"taxonomy":"product_brand","embeddable":true,"href":"https:\/\/publimag.es\/en\/wp-json\/wp\/v2\/product_brand?post=42787"},{"taxonomy":"product_cat","embeddable":true,"href":"https:\/\/publimag.es\/en\/wp-json\/wp\/v2\/product_cat?post=42787"},{"taxonomy":"product_tag","embeddable":true,"href":"https:\/\/publimag.es\/en\/wp-json\/wp\/v2\/product_tag?post=42787"}],"curies":[{"name":"wp","href":"https:\/\/api.w.org\/{rel}","templated":true}]}}