{"id":42922,"date":"2025-07-18T14:35:08","date_gmt":"2025-07-18T12:35:08","guid":{"rendered":"https:\/\/publimag.es\/producto\/oslo-woman\/"},"modified":"2025-07-18T14:36:22","modified_gmt":"2025-07-18T12:36:22","slug":"oslo-woman","status":"publish","type":"product","link":"https:\/\/publimag.es\/en\/product\/oslo-woman\/","title":{"rendered":"OSLO WOMAN"},"content":{"rendered":"<p>Women&#039;s quilted down vest with a down feel. Matching reverse zippers and two front zippered pockets. Contrasting inner lining. Matching elastic trim at the hem. Lightweight and packable. Slim fit. <br \/>Composition: Exterior: 100% polyester, 300T.<br \/>\nLining: 100% polyester.<br \/>\nWadding: 100% polyester, feather effect.<br \/>\n290 g\/m\u00b2.<br \/>Remarks: *Water resistant.<br \/>\n*Windproof model.<br \/>\n*Duo concept.<br \/><img decoding=\"async\" src=\"https:\/\/static.gorfactory.es\/pics\/measures\/CC_HOMU.jpg\"><\/p>","protected":false},"excerpt":{"rendered":"<p>Chaleco de mujer acolchado tacto pluma. Cremalleras invertidas a tono, y dos bolsillos frontales con cremalleras. Forro interior a contraste. Ribete el\u00e1stico a tono en el bajo. Prenda ligera y plegable. Corte entallado. Composici\u00f3n: Exterior: 100% poli\u00e9ster, 300T. Forro: 100% poli\u00e9ster. Guata: 100% poli\u00e9ster, efecto pluma. 290 g\/m\u00b2.Observaciones: *Resistente al agua. *Modelo a prueba de&hellip;<\/p>","protected":false},"featured_media":42923,"comment_status":"open","ping_status":"closed","template":"","meta":[],"product_brand":[],"product_cat":[52,39,54,37],"product_tag":[],"class_list":{"0":"post-42922","1":"product","2":"type-product","3":"status-publish","4":"has-post-thumbnail","6":"product_cat-coats","7":"product_cat-basic","8":"product_cat-cha","9":"product_cat-workwear","11":"first","12":"instock","13":"shipping-taxable","14":"purchasable","15":"product-type-variable"},"_links":{"self":[{"href":"https:\/\/publimag.es\/en\/wp-json\/wp\/v2\/product\/42922","targetHints":{"allow":["GET"]}}],"collection":[{"href":"https:\/\/publimag.es\/en\/wp-json\/wp\/v2\/product"}],"about":[{"href":"https:\/\/publimag.es\/en\/wp-json\/wp\/v2\/types\/product"}],"replies":[{"embeddable":true,"href":"https:\/\/publimag.es\/en\/wp-json\/wp\/v2\/comments?post=42922"}],"wp:featuredmedia":[{"embeddable":true,"href":"https:\/\/publimag.es\/en\/wp-json\/wp\/v2\/media\/42923"}],"wp:attachment":[{"href":"https:\/\/publimag.es\/en\/wp-json\/wp\/v2\/media?parent=42922"}],"wp:term":[{"taxonomy":"product_brand","embeddable":true,"href":"https:\/\/publimag.es\/en\/wp-json\/wp\/v2\/product_brand?post=42922"},{"taxonomy":"product_cat","embeddable":true,"href":"https:\/\/publimag.es\/en\/wp-json\/wp\/v2\/product_cat?post=42922"},{"taxonomy":"product_tag","embeddable":true,"href":"https:\/\/publimag.es\/en\/wp-json\/wp\/v2\/product_tag?post=42922"}],"curies":[{"name":"wp","href":"https:\/\/api.w.org\/{rel}","templated":true}]}}