{"id":42992,"date":"2025-07-18T14:36:22","date_gmt":"2025-07-18T12:36:22","guid":{"rendered":"https:\/\/publimag.es\/producto\/finland\/"},"modified":"2025-07-18T14:37:52","modified_gmt":"2025-07-18T12:37:52","slug":"finland","status":"publish","type":"product","link":"https:\/\/publimag.es\/en\/product\/finland\/","title":{"rendered":"FINLAND"},"content":{"rendered":"<p>Chaqueta de hombre acolchada con relleno tacto pluma.<br \/>\n\u00b7Matching reverse zippers with chin guard and puller.<br \/>\n\u00b7Two front pockets with zippers.<br \/>\n\u00b7Matching elastic trim on cuffs and hem.<br \/>\n\u00b7Contrasting inner lining.<br \/>\n\u00b7Prenda ligera y plegable<br \/>Composition: Exterior: 100% polyester, 300T.<br \/>\nLining: 100% polyester.<br \/>\nWadding: 100% polyester, feather effect.<br \/>\n290 g\/m\u00b2.<br \/>Observaciones: Prenda ligera y plegable.<br \/>\nCorte entallado en modelo para mujer.<br \/>\n*Water resistant.<br \/>\n*Windproof.<br \/>\n*Duo concept. <\/p>","protected":false},"excerpt":{"rendered":"<p>Chaqueta de hombre acolchada con relleno tacto pluma. \u00b7Cremalleras invertidas a tono con protector de barbilla y tirador. \u00b7Dos bolsillos frontales con cremalleras. \u00b7Ribete el\u00e1stico a tono en pu\u00f1os y bajo. \u00b7Forro interior a contraste. \u00b7Prenda ligera y plegableComposici\u00f3n: Exterior: 100% poli\u00e9ster, 300T. Forro: 100% poli\u00e9ster. Guata: 100% poli\u00e9ster, efecto pluma. 290 g\/m\u00b2.Observaciones: Prenda ligera&hellip;<\/p>","protected":false},"featured_media":42993,"comment_status":"open","ping_status":"closed","template":"","meta":[],"product_brand":[],"product_cat":[52,55,39,37],"product_tag":[],"class_list":{"0":"post-42992","1":"product","2":"type-product","3":"status-publish","4":"has-post-thumbnail","6":"product_cat-coats","7":"product_cat-subcoats","8":"product_cat-basic","9":"product_cat-workwear","11":"first","12":"instock","13":"shipping-taxable","14":"purchasable","15":"product-type-variable"},"_links":{"self":[{"href":"https:\/\/publimag.es\/en\/wp-json\/wp\/v2\/product\/42992","targetHints":{"allow":["GET"]}}],"collection":[{"href":"https:\/\/publimag.es\/en\/wp-json\/wp\/v2\/product"}],"about":[{"href":"https:\/\/publimag.es\/en\/wp-json\/wp\/v2\/types\/product"}],"replies":[{"embeddable":true,"href":"https:\/\/publimag.es\/en\/wp-json\/wp\/v2\/comments?post=42992"}],"wp:featuredmedia":[{"embeddable":true,"href":"https:\/\/publimag.es\/en\/wp-json\/wp\/v2\/media\/42993"}],"wp:attachment":[{"href":"https:\/\/publimag.es\/en\/wp-json\/wp\/v2\/media?parent=42992"}],"wp:term":[{"taxonomy":"product_brand","embeddable":true,"href":"https:\/\/publimag.es\/en\/wp-json\/wp\/v2\/product_brand?post=42992"},{"taxonomy":"product_cat","embeddable":true,"href":"https:\/\/publimag.es\/en\/wp-json\/wp\/v2\/product_cat?post=42992"},{"taxonomy":"product_tag","embeddable":true,"href":"https:\/\/publimag.es\/en\/wp-json\/wp\/v2\/product_tag?post=42992"}],"curies":[{"name":"wp","href":"https:\/\/api.w.org\/{rel}","templated":true}]}}