{"id":43146,"date":"2025-07-18T14:39:12","date_gmt":"2025-07-18T12:39:12","guid":{"rendered":"https:\/\/publimag.es\/producto\/norway-sport\/"},"modified":"2025-07-18T14:40:04","modified_gmt":"2025-07-18T12:40:04","slug":"norway-sport","status":"publish","type":"product","link":"https:\/\/publimag.es\/en\/product\/norway-sport\/","title":{"rendered":"NORWAY SPORT"},"content":{"rendered":"<p>Sporty padded parka with down-feel padding. Contrast-tone inverted front zip with chin guard and pull tab. Fixed fitted hood. Contrast-tone side pockets with inverted zip and pull tab. Reflective details on the sleeves and back. Hemline 4 cm longer than the NORWAY model. Hood, cuffs, and hem with contrasting elastic trim. <br \/>Composition: Exterior: 100% polyester, 300T.<br \/>\nLining: 100% polyester.<br \/>\nWadding: 100% polyester, feather effect.<br \/>\n290 g\/m\u00b2.<br \/>Remarks: *Windproof model.<br \/>\n*Water resistant.<br \/>\n*Available in children&#039;s sizes. <br \/><img decoding=\"async\" src=\"https:\/\/static.gorfactory.es\/pics\/measures\/PK_HO.jpg\"><\/p>","protected":false},"excerpt":{"rendered":"<p>Parka deportiva acolchada con relleno tacto pluma. Cremallera frontal invertida a contraste con protector de barbilla y tirador. Capucha ajustada fija. Bolsillos laterales a contraste con cremallera invertida y tirador. Detalles reflectantes en mangas y espalda. Patronaje del bajo 4 cm m\u00e1s largo que el modelo NORWAY. Capucha, pu\u00f1os y bajos con ribete el\u00e1stico a&hellip;<\/p>","protected":false},"featured_media":43147,"comment_status":"open","ping_status":"closed","template":"","meta":[],"product_brand":[],"product_cat":[762,52,25,38],"product_tag":[],"class_list":{"0":"post-43146","1":"product","2":"type-product","3":"status-publish","4":"has-post-thumbnail","6":"product_cat-w_coats","7":"product_cat-coats","8":"product_cat-sports","9":"product_cat-wint_sp","11":"first","12":"instock","13":"shipping-taxable","14":"purchasable","15":"product-type-variable"},"_links":{"self":[{"href":"https:\/\/publimag.es\/en\/wp-json\/wp\/v2\/product\/43146","targetHints":{"allow":["GET"]}}],"collection":[{"href":"https:\/\/publimag.es\/en\/wp-json\/wp\/v2\/product"}],"about":[{"href":"https:\/\/publimag.es\/en\/wp-json\/wp\/v2\/types\/product"}],"replies":[{"embeddable":true,"href":"https:\/\/publimag.es\/en\/wp-json\/wp\/v2\/comments?post=43146"}],"wp:featuredmedia":[{"embeddable":true,"href":"https:\/\/publimag.es\/en\/wp-json\/wp\/v2\/media\/43147"}],"wp:attachment":[{"href":"https:\/\/publimag.es\/en\/wp-json\/wp\/v2\/media?parent=43146"}],"wp:term":[{"taxonomy":"product_brand","embeddable":true,"href":"https:\/\/publimag.es\/en\/wp-json\/wp\/v2\/product_brand?post=43146"},{"taxonomy":"product_cat","embeddable":true,"href":"https:\/\/publimag.es\/en\/wp-json\/wp\/v2\/product_cat?post=43146"},{"taxonomy":"product_tag","embeddable":true,"href":"https:\/\/publimag.es\/en\/wp-json\/wp\/v2\/product_tag?post=43146"}],"curies":[{"name":"wp","href":"https:\/\/api.w.org\/{rel}","templated":true}]}}