{"id":43190,"date":"2025-07-18T14:40:04","date_gmt":"2025-07-18T12:40:04","guid":{"rendered":"https:\/\/publimag.es\/producto\/sakhir\/"},"modified":"2025-07-18T14:40:39","modified_gmt":"2025-07-18T12:40:39","slug":"sakhir","status":"publish","type":"product","link":"https:\/\/publimag.es\/en\/product\/sakhir\/","title":{"rendered":"SAKHIR"},"content":{"rendered":"<p>Top t\u00e9cnico multi-deporte de mujer. Espalda estilo nadadora y sin costuras. Sujeci\u00f3n media.<br \/>\n<br \/>Composici\u00f3n: 60% nylon \/ 30% poli\u00e9ster \/ 10% elastano, 240 g\/m\u00b2.<br \/>\nColor negro 02: 90% nylon \/ 10% elastano, 240 g\/m\u00b2.<br \/>Observations: *Breathable, easy-drying model.<br \/>\n*Technical fabric.<br \/>\n<br \/><img decoding=\"async\" src=\"https:\/\/static.gorfactory.es\/images\/models\/6662\/model\/large\/6662_243_4_1.jpg\"><\/p>","protected":false},"excerpt":{"rendered":"<p>Top t\u00e9cnico multi-deporte de mujer. Espalda estilo nadadora y sin costuras. Sujeci\u00f3n media. Composici\u00f3n: 60% nylon \/ 30% poli\u00e9ster \/ 10% elastano, 240 g\/m\u00b2. Color negro 02: 90% nylon \/ 10% elastano, 240 g\/m\u00b2.Observaciones: *Modelo transpirable de f\u00e1cil secado. *Tejido t\u00e9cnico.<\/p>","protected":false},"featured_media":43191,"comment_status":"open","ping_status":"closed","template":"","meta":[],"product_brand":[],"product_cat":[27,26,25],"product_tag":[],"class_list":{"0":"post-43190","1":"product","2":"type-product","3":"status-publish","4":"has-post-thumbnail","6":"product_cat-sp_tshi","7":"product_cat-cam_sp","8":"product_cat-sports","10":"first","11":"instock","12":"shipping-taxable","13":"purchasable","14":"product-type-variable"},"_links":{"self":[{"href":"https:\/\/publimag.es\/en\/wp-json\/wp\/v2\/product\/43190","targetHints":{"allow":["GET"]}}],"collection":[{"href":"https:\/\/publimag.es\/en\/wp-json\/wp\/v2\/product"}],"about":[{"href":"https:\/\/publimag.es\/en\/wp-json\/wp\/v2\/types\/product"}],"replies":[{"embeddable":true,"href":"https:\/\/publimag.es\/en\/wp-json\/wp\/v2\/comments?post=43190"}],"wp:featuredmedia":[{"embeddable":true,"href":"https:\/\/publimag.es\/en\/wp-json\/wp\/v2\/media\/43191"}],"wp:attachment":[{"href":"https:\/\/publimag.es\/en\/wp-json\/wp\/v2\/media?parent=43190"}],"wp:term":[{"taxonomy":"product_brand","embeddable":true,"href":"https:\/\/publimag.es\/en\/wp-json\/wp\/v2\/product_brand?post=43190"},{"taxonomy":"product_cat","embeddable":true,"href":"https:\/\/publimag.es\/en\/wp-json\/wp\/v2\/product_cat?post=43190"},{"taxonomy":"product_tag","embeddable":true,"href":"https:\/\/publimag.es\/en\/wp-json\/wp\/v2\/product_tag?post=43190"}],"curies":[{"name":"wp","href":"https:\/\/api.w.org\/{rel}","templated":true}]}}