{"id":43257,"date":"2025-07-18T14:41:33","date_gmt":"2025-07-18T12:41:33","guid":{"rendered":"https:\/\/publimag.es\/producto\/basel\/"},"modified":"2025-07-18T14:42:04","modified_gmt":"2025-07-18T12:42:04","slug":"basel","status":"publish","type":"product","link":"https:\/\/publimag.es\/en\/product\/basel\/","title":{"rendered":"BASEL"},"content":{"rendered":"<p>Top deportivo para mujer de alta sujeci\u00f3n. Tirantes entrelazados en espalda. Banda el\u00e1stica de refuerzo en pieza bajo pecho. Doble tejido y forro. Copas de foam extra\u00edbles. Logo Roly reflectante en la espalda.<br \/>Composici\u00f3n: 83% poli\u00e9ster reciclado y 17% elastano, 250 g\/m\u00b2<br \/>Remarks: * Removable label<br \/><img decoding=\"async\" src=\"https:\/\/static.gorfactory.es\/pics\/measures\/CA_MC_MU.jpg\"><\/p>","protected":false},"excerpt":{"rendered":"<p>Top deportivo para mujer de alta sujeci\u00f3n. Tirantes entrelazados en espalda. Banda el\u00e1stica de refuerzo en pieza bajo pecho. Doble tejido y forro. Copas de foam extra\u00edbles. Logo Roly reflectante en la espalda.Composici\u00f3n: 83% poli\u00e9ster reciclado y 17% elastano, 250 g\/m\u00b2Observaciones: * Etiqueta removible<\/p>","protected":false},"featured_media":43258,"comment_status":"open","ping_status":"closed","template":"","meta":[],"product_brand":[],"product_cat":[27,26,28,25],"product_tag":[],"class_list":{"0":"post-43257","1":"product","2":"type-product","3":"status-publish","4":"has-post-thumbnail","6":"product_cat-sp_tshi","7":"product_cat-cam_sp","8":"product_cat-rolyeco","9":"product_cat-sports","11":"first","12":"instock","13":"shipping-taxable","14":"purchasable","15":"product-type-variable"},"_links":{"self":[{"href":"https:\/\/publimag.es\/en\/wp-json\/wp\/v2\/product\/43257","targetHints":{"allow":["GET"]}}],"collection":[{"href":"https:\/\/publimag.es\/en\/wp-json\/wp\/v2\/product"}],"about":[{"href":"https:\/\/publimag.es\/en\/wp-json\/wp\/v2\/types\/product"}],"replies":[{"embeddable":true,"href":"https:\/\/publimag.es\/en\/wp-json\/wp\/v2\/comments?post=43257"}],"wp:featuredmedia":[{"embeddable":true,"href":"https:\/\/publimag.es\/en\/wp-json\/wp\/v2\/media\/43258"}],"wp:attachment":[{"href":"https:\/\/publimag.es\/en\/wp-json\/wp\/v2\/media?parent=43257"}],"wp:term":[{"taxonomy":"product_brand","embeddable":true,"href":"https:\/\/publimag.es\/en\/wp-json\/wp\/v2\/product_brand?post=43257"},{"taxonomy":"product_cat","embeddable":true,"href":"https:\/\/publimag.es\/en\/wp-json\/wp\/v2\/product_cat?post=43257"},{"taxonomy":"product_tag","embeddable":true,"href":"https:\/\/publimag.es\/en\/wp-json\/wp\/v2\/product_tag?post=43257"}],"curies":[{"name":"wp","href":"https:\/\/api.w.org\/{rel}","templated":true}]}}