{"id":43447,"date":"2025-07-18T14:45:14","date_gmt":"2025-07-18T12:45:14","guid":{"rendered":"https:\/\/publimag.es\/producto\/antartida\/"},"modified":"2025-07-18T14:46:28","modified_gmt":"2025-07-18T12:46:28","slug":"antartida","status":"publish","type":"product","link":"https:\/\/publimag.es\/en\/product\/antartida\/","title":{"rendered":"ANTARCTICA"},"content":{"rendered":"<p>Softshell compuesto por 2 capas, con cremallera invertida efecto sellado, con protector de barbilla combinada y tirador.  Corte en pecho (s\u00f3lo modelo masculino). Cuenta con tres bolsillos exteriores con cremallera combinada con tirador. Ajustadores en pu\u00f1os con velcro. Bajo con cord\u00f3n el\u00e1stico y topes. <br \/>Composition: Two layers.<br \/>\nExterior: 92% polyester \/ 8% elastane.<br \/>\nInterior: 100% extra-warm microfleece polyester.<br \/>\n300 g\/m\u00b2.<br \/>Observaciones: *Manga ranglan s\u00f3lo en modelo femenino.<br \/>\n*Duo Concept.<br \/>\n*Available in children&#039;s sizes.<br \/>\n* Remember the limitations of this type of fabric and the need to protect the ink from migration when marking and printing on it.<br \/>\n* DTF printing is not recommended on this model.<br \/><img decoding=\"async\" src=\"https:\/\/static.gorfactory.es\/pics\/measures\/SS6432.jpg\"><\/p>","protected":false},"excerpt":{"rendered":"<p>Softshell compuesto por 2 capas, con cremallera invertida efecto sellado, con protector de barbilla combinada y tirador. Corte en pecho (s\u00f3lo modelo masculino). Cuenta con tres bolsillos exteriores con cremallera combinada con tirador. Ajustadores en pu\u00f1os con velcro. Bajo con cord\u00f3n el\u00e1stico y topes. Composici\u00f3n: Dos capas. Exterior: 92% poli\u00e9ster \/ 8% elastano. Interior: 100%&hellip;<\/p>","protected":false},"featured_media":43448,"comment_status":"open","ping_status":"closed","template":"","meta":[],"product_brand":[],"product_cat":[52,39,57,37],"product_tag":[],"class_list":{"0":"post-43447","1":"product","2":"type-product","3":"status-publish","4":"has-post-thumbnail","6":"product_cat-coats","7":"product_cat-basic","8":"product_cat-softshell","9":"product_cat-workwear","11":"first","12":"instock","13":"shipping-taxable","14":"purchasable","15":"product-type-variable"},"_links":{"self":[{"href":"https:\/\/publimag.es\/en\/wp-json\/wp\/v2\/product\/43447","targetHints":{"allow":["GET"]}}],"collection":[{"href":"https:\/\/publimag.es\/en\/wp-json\/wp\/v2\/product"}],"about":[{"href":"https:\/\/publimag.es\/en\/wp-json\/wp\/v2\/types\/product"}],"replies":[{"embeddable":true,"href":"https:\/\/publimag.es\/en\/wp-json\/wp\/v2\/comments?post=43447"}],"wp:featuredmedia":[{"embeddable":true,"href":"https:\/\/publimag.es\/en\/wp-json\/wp\/v2\/media\/43448"}],"wp:attachment":[{"href":"https:\/\/publimag.es\/en\/wp-json\/wp\/v2\/media?parent=43447"}],"wp:term":[{"taxonomy":"product_brand","embeddable":true,"href":"https:\/\/publimag.es\/en\/wp-json\/wp\/v2\/product_brand?post=43447"},{"taxonomy":"product_cat","embeddable":true,"href":"https:\/\/publimag.es\/en\/wp-json\/wp\/v2\/product_cat?post=43447"},{"taxonomy":"product_tag","embeddable":true,"href":"https:\/\/publimag.es\/en\/wp-json\/wp\/v2\/product_tag?post=43447"}],"curies":[{"name":"wp","href":"https:\/\/api.w.org\/{rel}","templated":true}]}}