{"id":43512,"date":"2025-07-18T14:46:29","date_gmt":"2025-07-18T12:46:29","guid":{"rendered":"https:\/\/publimag.es\/producto\/antartida-woman\/"},"modified":"2025-07-18T14:47:18","modified_gmt":"2025-07-18T12:47:18","slug":"antartida-woman","status":"publish","type":"product","link":"https:\/\/publimag.es\/en\/product\/antartida-woman\/","title":{"rendered":"ANTARCTICA WOMAN"},"content":{"rendered":"<p>A two-layer softshell jacket with a sealed, inverted zipper and a chin guard and pull tab. It features three exterior pockets with zippers and pull tabs. Cuff adjusters with Velcro. The hem features an elastic drawstring and stoppers. <br \/>Composition: Two layers.<br \/>\nExterior: 92% polyester \/ 8% elastane.<br \/>\nInterior 100% extra-warm micropolar polyester.<br \/>\n300 g\/m\u00b2.<br \/>Observations: *Duo Concept.<br \/>\n*Fitted cut for women.<br \/>\n*Ranglan sleeves only in female model.<br \/>\n* Remember the limitations of this type of fabric and the need to protect the ink from migration when marking and printing on it.<br \/>\n* DTF printing is not recommended on this model.<br \/><img decoding=\"async\" src=\"https:\/\/static.gorfactory.es\/pics\/measures\/SS6433.jpg\"><\/p>","protected":false},"excerpt":{"rendered":"<p>Softshell compuesto por 2 capas con cremallera invertida efecto sellado, con protector de barbilla combinada y tirador. Cuenta con tres bolsillos exteriores con cremallera combinada con tirador. Ajustadores en pu\u00f1os con velcro. Bajo con cord\u00f3n el\u00e1stico y topes. Composici\u00f3n: Dos capas. Exterior: 92% poli\u00e9ster \/ 8% elastano. Interior 100% poli\u00e9ster micropolar extra-c\u00e1lido. 300 g\/m\u00b2.Observaciones: *Duo&hellip;<\/p>","protected":false},"featured_media":43513,"comment_status":"open","ping_status":"closed","template":"","meta":[],"product_brand":[],"product_cat":[52,39,57,37],"product_tag":[],"class_list":{"0":"post-43512","1":"product","2":"type-product","3":"status-publish","4":"has-post-thumbnail","6":"product_cat-coats","7":"product_cat-basic","8":"product_cat-softshell","9":"product_cat-workwear","11":"first","12":"instock","13":"shipping-taxable","14":"purchasable","15":"product-type-variable"},"_links":{"self":[{"href":"https:\/\/publimag.es\/en\/wp-json\/wp\/v2\/product\/43512","targetHints":{"allow":["GET"]}}],"collection":[{"href":"https:\/\/publimag.es\/en\/wp-json\/wp\/v2\/product"}],"about":[{"href":"https:\/\/publimag.es\/en\/wp-json\/wp\/v2\/types\/product"}],"replies":[{"embeddable":true,"href":"https:\/\/publimag.es\/en\/wp-json\/wp\/v2\/comments?post=43512"}],"wp:featuredmedia":[{"embeddable":true,"href":"https:\/\/publimag.es\/en\/wp-json\/wp\/v2\/media\/43513"}],"wp:attachment":[{"href":"https:\/\/publimag.es\/en\/wp-json\/wp\/v2\/media?parent=43512"}],"wp:term":[{"taxonomy":"product_brand","embeddable":true,"href":"https:\/\/publimag.es\/en\/wp-json\/wp\/v2\/product_brand?post=43512"},{"taxonomy":"product_cat","embeddable":true,"href":"https:\/\/publimag.es\/en\/wp-json\/wp\/v2\/product_cat?post=43512"},{"taxonomy":"product_tag","embeddable":true,"href":"https:\/\/publimag.es\/en\/wp-json\/wp\/v2\/product_tag?post=43512"}],"curies":[{"name":"wp","href":"https:\/\/api.w.org\/{rel}","templated":true}]}}