{"id":43555,"date":"2025-07-18T14:47:19","date_gmt":"2025-07-18T12:47:19","guid":{"rendered":"https:\/\/publimag.es\/producto\/rudolph\/"},"modified":"2025-07-18T14:48:29","modified_gmt":"2025-07-18T12:48:29","slug":"rudolph","status":"publish","type":"product","link":"https:\/\/publimag.es\/en\/product\/rudolph\/","title":{"rendered":"RUDOLPH"},"content":{"rendered":"<p>A 3-layer softshell jacket with a full-zip closure, chin guard, and pull tab. It features an exterior right chest pocket with a zipper and pull tab, and exterior pockets with zippers and pull tabs. Cuff adjusters with Velcro. A yoke at the front chest. A yoke at the back. The hem features an elastic drawstring and adjustable stoppers on the inside.<br \/>Composition: Three layers.<br \/>\nExterior: 95% polyester \/ 5% elastane.<br \/>\nInterior: 100% extra-warm microfleece polyester. 300 g\/m\u00b2.<br \/>Remarks: *Water resistant.<br \/>\n*Water penetration-Hydrostatic pressure test: &gt; 3000 mm H2O<br \/>\n* Remember the limitations of this type of fabric and the need to protect the ink from migration when marking and printing on it.<br \/>\n* DTF printing is not recommended on this model.<br \/><img decoding=\"async\" src=\"https:\/\/static.gorfactory.es\/pics\/measures\/SS6435.jpg\"><\/p>","protected":false},"excerpt":{"rendered":"<p>Softshell compuesto por 3 capas, con cremallera completa con protector de barbilla y tirador. Cuenta con un bolsillo exterior de pecho derecho con cremallera y tirador, y bolsillos exteriores con cremallera y tirador. Ajustadores en pu\u00f1os con velcro. Corte o canes\u00fa en la zona del pecho delantero. Corte o canes\u00fa en la espalda. Bajo con&hellip;<\/p>","protected":false},"featured_media":43556,"comment_status":"open","ping_status":"closed","template":"","meta":[],"product_brand":[],"product_cat":[52,39,57,37],"product_tag":[],"class_list":{"0":"post-43555","1":"product","2":"type-product","3":"status-publish","4":"has-post-thumbnail","6":"product_cat-coats","7":"product_cat-basic","8":"product_cat-softshell","9":"product_cat-workwear","11":"first","12":"instock","13":"shipping-taxable","14":"purchasable","15":"product-type-variable"},"_links":{"self":[{"href":"https:\/\/publimag.es\/en\/wp-json\/wp\/v2\/product\/43555","targetHints":{"allow":["GET"]}}],"collection":[{"href":"https:\/\/publimag.es\/en\/wp-json\/wp\/v2\/product"}],"about":[{"href":"https:\/\/publimag.es\/en\/wp-json\/wp\/v2\/types\/product"}],"replies":[{"embeddable":true,"href":"https:\/\/publimag.es\/en\/wp-json\/wp\/v2\/comments?post=43555"}],"wp:featuredmedia":[{"embeddable":true,"href":"https:\/\/publimag.es\/en\/wp-json\/wp\/v2\/media\/43556"}],"wp:attachment":[{"href":"https:\/\/publimag.es\/en\/wp-json\/wp\/v2\/media?parent=43555"}],"wp:term":[{"taxonomy":"product_brand","embeddable":true,"href":"https:\/\/publimag.es\/en\/wp-json\/wp\/v2\/product_brand?post=43555"},{"taxonomy":"product_cat","embeddable":true,"href":"https:\/\/publimag.es\/en\/wp-json\/wp\/v2\/product_cat?post=43555"},{"taxonomy":"product_tag","embeddable":true,"href":"https:\/\/publimag.es\/en\/wp-json\/wp\/v2\/product_tag?post=43555"}],"curies":[{"name":"wp","href":"https:\/\/api.w.org\/{rel}","templated":true}]}}