{"id":43619,"date":"2025-07-18T14:48:30","date_gmt":"2025-07-18T12:48:30","guid":{"rendered":"https:\/\/publimag.es\/producto\/nebraska\/"},"modified":"2025-07-18T14:50:38","modified_gmt":"2025-07-18T12:50:38","slug":"nebraska","status":"publish","type":"product","link":"https:\/\/publimag.es\/en\/product\/nebraska\/","title":{"rendered":"NEBRASKA"},"content":{"rendered":"<p>2-layer softshell. This garment features a matching inverted zipper with a chin guard and pull tab. Fleece lining. One exterior right chest pocket with a matching zipper and pull tab, and two exterior pockets with matching zippers and pull tabs. Velcro cuff adjusters. Elastic drawstring hem with stoppers. Slim fit for women.<br \/>Composition: Two layers.<br \/>\nExterior: 92% polyester \/ 8% elastane.<br \/>\nInterior: 100% extra-warm microfleece polyester.<br \/>\n300 g\/m\u00b2.<br \/>Observations: *Duo concept.<br \/>\n*Available in children&#039;s sizes.<br \/>\n* Remember the limitations of this type of fabric and the need to protect the ink from migration when marking and printing on it.<br \/>\n* DTF printing is not recommended on this model.<br \/><img decoding=\"async\" src=\"https:\/\/static.gorfactory.es\/pics\/measures\/SS_HO.jpg\"><\/p>","protected":false},"excerpt":{"rendered":"<p>Softshell compuesto de 2 capas. Esta prenda cuenta con cremallera invertida a tono, con protector de barbilla y tirador. Forro interior en tejido polar. Bolsillo exterior en pecho derecho con cremallera a tono y tirador, y dos bolsillos exteriores con cremallera a tono y tirador. Ajustadores en pu\u00f1o con velcro. Bajo con cord\u00f3n el\u00e1stico y&hellip;<\/p>","protected":false},"featured_media":43620,"comment_status":"open","ping_status":"closed","template":"","meta":[],"product_brand":[],"product_cat":[52,39,57,37],"product_tag":[],"class_list":{"0":"post-43619","1":"product","2":"type-product","3":"status-publish","4":"has-post-thumbnail","6":"product_cat-coats","7":"product_cat-basic","8":"product_cat-softshell","9":"product_cat-workwear","11":"first","12":"instock","13":"shipping-taxable","14":"purchasable","15":"product-type-variable"},"_links":{"self":[{"href":"https:\/\/publimag.es\/en\/wp-json\/wp\/v2\/product\/43619","targetHints":{"allow":["GET"]}}],"collection":[{"href":"https:\/\/publimag.es\/en\/wp-json\/wp\/v2\/product"}],"about":[{"href":"https:\/\/publimag.es\/en\/wp-json\/wp\/v2\/types\/product"}],"replies":[{"embeddable":true,"href":"https:\/\/publimag.es\/en\/wp-json\/wp\/v2\/comments?post=43619"}],"wp:featuredmedia":[{"embeddable":true,"href":"https:\/\/publimag.es\/en\/wp-json\/wp\/v2\/media\/43620"}],"wp:attachment":[{"href":"https:\/\/publimag.es\/en\/wp-json\/wp\/v2\/media?parent=43619"}],"wp:term":[{"taxonomy":"product_brand","embeddable":true,"href":"https:\/\/publimag.es\/en\/wp-json\/wp\/v2\/product_brand?post=43619"},{"taxonomy":"product_cat","embeddable":true,"href":"https:\/\/publimag.es\/en\/wp-json\/wp\/v2\/product_cat?post=43619"},{"taxonomy":"product_tag","embeddable":true,"href":"https:\/\/publimag.es\/en\/wp-json\/wp\/v2\/product_tag?post=43619"}],"curies":[{"name":"wp","href":"https:\/\/api.w.org\/{rel}","templated":true}]}}