{"id":43807,"date":"2025-07-18T14:52:00","date_gmt":"2025-07-18T12:52:00","guid":{"rendered":"https:\/\/publimag.es\/producto\/quebec\/"},"modified":"2025-07-18T14:52:45","modified_gmt":"2025-07-18T12:52:45","slug":"quebec","status":"publish","type":"product","link":"https:\/\/publimag.es\/en\/product\/quebec\/","title":{"rendered":"QUEBEC"},"content":{"rendered":"<p>Two-layer softshell vest. Features a matching inverted zipper with a chin guard and pull tab. Fleece lining. Exterior right chest pocket with matching zipper and pull tab, and two exterior pockets with matching zippers and pull tabs. Elastic drawstring hem and stoppers. <br \/>Composition: Two layers.<br \/>\nExterior: 92% polyester \/ 8% elastane.<br \/>\nInterior: 100% extra-warm microfleece polyester. 300 g\/m\u00b2. <br \/>Observations: * Remember the limitations of this type of fabric and the need to protect the ink from migration when marking and printing on it.<br \/><img decoding=\"async\" src=\"https:\/\/static.gorfactory.es\/pics\/measures\/CC_HOMU.jpg\"><\/p>","protected":false},"excerpt":{"rendered":"<p>Chaleco softshell compuesto de 2 capas. Cuenta con cremallera invertida a tono, con protector de barbilla y tirador. Forro interior en tejido polar. Bolsillo exterior en pecho derecho con cremallera a tono y tirador, y dos bolsillos exteriores con cremallera a tono y tirador. Bajo con cord\u00f3n el\u00e1stico y topes. Composici\u00f3n: Dos capas. Exterior: 92%&hellip;<\/p>","protected":false},"featured_media":43808,"comment_status":"open","ping_status":"closed","template":"","meta":[],"product_brand":[],"product_cat":[52,39,54,57,37],"product_tag":[],"class_list":{"0":"post-43807","1":"product","2":"type-product","3":"status-publish","4":"has-post-thumbnail","6":"product_cat-coats","7":"product_cat-basic","8":"product_cat-cha","9":"product_cat-softshell","10":"product_cat-workwear","12":"first","13":"instock","14":"shipping-taxable","15":"purchasable","16":"product-type-variable"},"_links":{"self":[{"href":"https:\/\/publimag.es\/en\/wp-json\/wp\/v2\/product\/43807","targetHints":{"allow":["GET"]}}],"collection":[{"href":"https:\/\/publimag.es\/en\/wp-json\/wp\/v2\/product"}],"about":[{"href":"https:\/\/publimag.es\/en\/wp-json\/wp\/v2\/types\/product"}],"replies":[{"embeddable":true,"href":"https:\/\/publimag.es\/en\/wp-json\/wp\/v2\/comments?post=43807"}],"wp:featuredmedia":[{"embeddable":true,"href":"https:\/\/publimag.es\/en\/wp-json\/wp\/v2\/media\/43808"}],"wp:attachment":[{"href":"https:\/\/publimag.es\/en\/wp-json\/wp\/v2\/media?parent=43807"}],"wp:term":[{"taxonomy":"product_brand","embeddable":true,"href":"https:\/\/publimag.es\/en\/wp-json\/wp\/v2\/product_brand?post=43807"},{"taxonomy":"product_cat","embeddable":true,"href":"https:\/\/publimag.es\/en\/wp-json\/wp\/v2\/product_cat?post=43807"},{"taxonomy":"product_tag","embeddable":true,"href":"https:\/\/publimag.es\/en\/wp-json\/wp\/v2\/product_tag?post=43807"}],"curies":[{"name":"wp","href":"https:\/\/api.w.org\/{rel}","templated":true}]}}