{"id":43844,"date":"2025-07-18T14:52:45","date_gmt":"2025-07-18T12:52:45","guid":{"rendered":"https:\/\/publimag.es\/producto\/leros\/"},"modified":"2025-07-18T14:54:18","modified_gmt":"2025-07-18T12:54:18","slug":"leros","status":"publish","type":"product","link":"https:\/\/publimag.es\/en\/product\/leros\/","title":{"rendered":"LEROS"},"content":{"rendered":"<p>Chaqueta deportiva con cierre frontal de cremallera. Bolsillos laterales con cremallera. Cuello, pu\u00f1os y bajo con Rib 1&#215;1. Pieza principal asim\u00e9trica en el pecho izquierdo especial para bordados. Combinable con pantal\u00f3n RODAS. <br \/>Composition: 100% Polyester, brushed interlock, 240 g\/m\u00b2<br \/>Observations: * Pack pieces<br \/>\n* Stretch<br \/>\n* Removable label<br \/><img decoding=\"async\" src=\"https:\/\/static.gorfactory.es\/pics\/measures\/CH_HO.jpg\"><\/p>","protected":false},"excerpt":{"rendered":"<p>Chaqueta deportiva con cierre frontal de cremallera. Bolsillos laterales con cremallera. Cuello, pu\u00f1os y bajo con Rib 1&#215;1. Pieza principal asim\u00e9trica en el pecho izquierdo especial para bordados. Combinable con pantal\u00f3n RODAS. Composici\u00f3n: 100% Poliester, interlock perchado, 240 g\/m\u00b2Observaciones: * Pack piezas * Stretch * Etiqueta removible<\/p>","protected":false},"featured_media":43845,"comment_status":"open","ping_status":"closed","template":"","meta":[],"product_brand":[],"product_cat":[33,35,25],"product_tag":[],"class_list":{"0":"post-43844","1":"product","2":"type-product","3":"status-publish","4":"has-post-thumbnail","6":"product_cat-chnd","7":"product_cat-novelty_roly","8":"product_cat-sports","10":"first","11":"instock","12":"shipping-taxable","13":"purchasable","14":"product-type-variable"},"_links":{"self":[{"href":"https:\/\/publimag.es\/en\/wp-json\/wp\/v2\/product\/43844","targetHints":{"allow":["GET"]}}],"collection":[{"href":"https:\/\/publimag.es\/en\/wp-json\/wp\/v2\/product"}],"about":[{"href":"https:\/\/publimag.es\/en\/wp-json\/wp\/v2\/types\/product"}],"replies":[{"embeddable":true,"href":"https:\/\/publimag.es\/en\/wp-json\/wp\/v2\/comments?post=43844"}],"wp:featuredmedia":[{"embeddable":true,"href":"https:\/\/publimag.es\/en\/wp-json\/wp\/v2\/media\/43845"}],"wp:attachment":[{"href":"https:\/\/publimag.es\/en\/wp-json\/wp\/v2\/media?parent=43844"}],"wp:term":[{"taxonomy":"product_brand","embeddable":true,"href":"https:\/\/publimag.es\/en\/wp-json\/wp\/v2\/product_brand?post=43844"},{"taxonomy":"product_cat","embeddable":true,"href":"https:\/\/publimag.es\/en\/wp-json\/wp\/v2\/product_cat?post=43844"},{"taxonomy":"product_tag","embeddable":true,"href":"https:\/\/publimag.es\/en\/wp-json\/wp\/v2\/product_tag?post=43844"}],"curies":[{"name":"wp","href":"https:\/\/api.w.org\/{rel}","templated":true}]}}