{"id":43938,"date":"2025-07-18T14:54:19","date_gmt":"2025-07-18T12:54:19","guid":{"rendered":"https:\/\/publimag.es\/producto\/estambul\/"},"modified":"2025-07-18T14:55:25","modified_gmt":"2025-07-18T12:55:25","slug":"estambul","status":"publish","type":"product","link":"https:\/\/publimag.es\/en\/product\/estambul\/","title":{"rendered":"ISTANBUL"},"content":{"rendered":"<p>Long-sleeved technical raglan sweatshirt. Inverted half-zip collar with reflective detail. Reinforced covered seams. Thumbhole cuffs. Reflective detailing on the back. The back hem is slightly longer than the front. Warm brushed interior fabric.<br \/>Composition: 88% Recycled Polyester \/ 12% Elastane, 200 g\/m\u00b2<br \/>Observations: * Duo concept<br \/>\n* Removable label<br \/>\n* Stretch<br \/>\n* Breathable<\/p>\n<p>Product with certificate 139218-GRS<br \/><img decoding=\"async\" src=\"https:\/\/static.gorfactory.es\/pics\/measures\/SU_HO.jpg\"><\/p>","protected":false},"excerpt":{"rendered":"<p>Sudadera t\u00e9cnica de manga larga rangl\u00e1n. Cuello con media cremallera invertida con detalle reflectante. Cubrecosturas de refuerzo. Pu\u00f1os con apertura para el pulgar. Detalles reflectante en espalda. Bajo espalda ligeramente mas largo que el delantero. Tejido interior c\u00e1lido perchado.Composici\u00f3n: 88% Poli\u00e9ster reciclado \/ 12% Elastano, 200 g\/m\u00b2Observaciones: * Duo concept * Etiqueta removible * Stretch&hellip;<\/p>","protected":false},"featured_media":43939,"comment_status":"open","ping_status":"closed","template":"","meta":[],"product_brand":[],"product_cat":[28,35,25,760,38],"product_tag":[],"class_list":{"0":"post-43938","1":"product","2":"type-product","3":"status-publish","4":"has-post-thumbnail","6":"product_cat-rolyeco","7":"product_cat-novelty_roly","8":"product_cat-sports","9":"product_cat-winter_sweatshirts","10":"product_cat-wint_sp","12":"first","13":"instock","14":"shipping-taxable","15":"purchasable","16":"product-type-variable"},"_links":{"self":[{"href":"https:\/\/publimag.es\/en\/wp-json\/wp\/v2\/product\/43938","targetHints":{"allow":["GET"]}}],"collection":[{"href":"https:\/\/publimag.es\/en\/wp-json\/wp\/v2\/product"}],"about":[{"href":"https:\/\/publimag.es\/en\/wp-json\/wp\/v2\/types\/product"}],"replies":[{"embeddable":true,"href":"https:\/\/publimag.es\/en\/wp-json\/wp\/v2\/comments?post=43938"}],"wp:featuredmedia":[{"embeddable":true,"href":"https:\/\/publimag.es\/en\/wp-json\/wp\/v2\/media\/43939"}],"wp:attachment":[{"href":"https:\/\/publimag.es\/en\/wp-json\/wp\/v2\/media?parent=43938"}],"wp:term":[{"taxonomy":"product_brand","embeddable":true,"href":"https:\/\/publimag.es\/en\/wp-json\/wp\/v2\/product_brand?post=43938"},{"taxonomy":"product_cat","embeddable":true,"href":"https:\/\/publimag.es\/en\/wp-json\/wp\/v2\/product_cat?post=43938"},{"taxonomy":"product_tag","embeddable":true,"href":"https:\/\/publimag.es\/en\/wp-json\/wp\/v2\/product_tag?post=43938"}],"curies":[{"name":"wp","href":"https:\/\/api.w.org\/{rel}","templated":true}]}}