{"id":44043,"date":"2025-07-18T14:56:28","date_gmt":"2025-07-18T12:56:28","guid":{"rendered":"https:\/\/publimag.es\/producto\/badet\/"},"modified":"2025-07-18T14:58:58","modified_gmt":"2025-07-18T12:58:58","slug":"badet","status":"publish","type":"product","link":"https:\/\/publimag.es\/en\/product\/badet\/","title":{"rendered":"BADET"},"content":{"rendered":"<p>Unisex two-tone sweatshirt. Hood with crossover neckline and metal eyelets, contrasting interior and drawstrings. Contrast raglan sleeves. Kangaroo pocket. 1x1 elastane ribbed cuffs and hem.<br \/>Composition: 50% cotton \/ 50% polyester, brushed fleece, 280 g\/m\u00b2.<br \/>\nColor Grey Vigor\u00e9 58: 55% cotton \/ 40% polyester \/ 5% viscose.<br \/>Remarks: *Removable label.<br \/>\n*Child model without cord. <br \/><img decoding=\"async\" src=\"https:\/\/static.gorfactory.es\/pics\/measures\/SU_HO.jpg\"><\/p>","protected":false},"excerpt":{"rendered":"<p>Sudadera bicolor unisex. Capucha con cuello cruzado y ojales met\u00e1licos, interior y cordones a contraste. Manga estilo rangl\u00e1n a contraste. Bolsillo canguro. Pu\u00f1os y bajo con punto canal\u00e9 con elastano 1&#215;1.Composici\u00f3n: 50% algod\u00f3n \/ 50% poli\u00e9ster, felpa perchada, 280 g\/m\u00b2. Color Gris vigor\u00e9 58: 55% algod\u00f3n \/ 40% poli\u00e9ster \/ 5% viscosa.Observaciones: *Etiqueta removible. *Modelo&hellip;<\/p>","protected":false},"featured_media":44044,"comment_status":"open","ping_status":"closed","template":"","meta":[],"product_brand":[],"product_cat":[49,48,50],"product_tag":[],"class_list":{"0":"post-44043","1":"product","2":"type-product","3":"status-publish","4":"has-post-thumbnail","6":"product_cat-swe","7":"product_cat-sud_cha","8":"product_cat-swe_h","10":"first","11":"instock","12":"shipping-taxable","13":"purchasable","14":"product-type-variable"},"_links":{"self":[{"href":"https:\/\/publimag.es\/en\/wp-json\/wp\/v2\/product\/44043","targetHints":{"allow":["GET"]}}],"collection":[{"href":"https:\/\/publimag.es\/en\/wp-json\/wp\/v2\/product"}],"about":[{"href":"https:\/\/publimag.es\/en\/wp-json\/wp\/v2\/types\/product"}],"replies":[{"embeddable":true,"href":"https:\/\/publimag.es\/en\/wp-json\/wp\/v2\/comments?post=44043"}],"wp:featuredmedia":[{"embeddable":true,"href":"https:\/\/publimag.es\/en\/wp-json\/wp\/v2\/media\/44044"}],"wp:attachment":[{"href":"https:\/\/publimag.es\/en\/wp-json\/wp\/v2\/media?parent=44043"}],"wp:term":[{"taxonomy":"product_brand","embeddable":true,"href":"https:\/\/publimag.es\/en\/wp-json\/wp\/v2\/product_brand?post=44043"},{"taxonomy":"product_cat","embeddable":true,"href":"https:\/\/publimag.es\/en\/wp-json\/wp\/v2\/product_cat?post=44043"},{"taxonomy":"product_tag","embeddable":true,"href":"https:\/\/publimag.es\/en\/wp-json\/wp\/v2\/product_tag?post=44043"}],"curies":[{"name":"wp","href":"https:\/\/api.w.org\/{rel}","templated":true}]}}