{"id":44593,"date":"2025-07-18T15:07:31","date_gmt":"2025-07-18T13:07:31","guid":{"rendered":"https:\/\/publimag.es\/producto\/urban-woman\/"},"modified":"2025-07-18T15:09:33","modified_gmt":"2025-07-18T13:09:33","slug":"urban-woman","status":"publish","type":"product","link":"https:\/\/publimag.es\/en\/product\/urban-woman\/","title":{"rendered":"URBAN WOMAN"},"content":{"rendered":"<p>Slim-fit sweatshirt with a feminine fit featuring a two-tone, double-fabric hood, adjustable contrast drawstring, covered neckline, and a kangaroo pocket. 1x1 elastane ribbed cuffs and waistband. Thumb slit detail.<br \/>Composition: 50% cotton \/ 50% polyester, brushed fleece, 280 g\/m\u00b2.<br \/>\nColor grey vigor\u00e9 58: 55% cotton \/ 40% polyester \/ 5% viscose.<br \/>Remarks: *Removable label.<br \/>\n*Duo Concept.<br \/><img decoding=\"async\" src=\"https:\/\/static.gorfactory.es\/pics\/measures\/SU1068.jpg\"><\/p>","protected":false},"excerpt":{"rendered":"<p>Sudadera entallada de corte femenino con capucha bicolor de doble tejido, con cord\u00f3n contrastado ajustable, cubrecosturas en el cuello y bolsillo canguro. Punto canal\u00e9 con elastano 1&#215;1 en pu\u00f1os y cintura. Detalle thumb slit \u2013 pu\u00f1os con apertura para el pulgar.Composici\u00f3n: 50% algod\u00f3n \/ 50% poli\u00e9ster, felpa perchada, 280 g\/m\u00b2. Color gris vigor\u00e9 58: 55%&hellip;<\/p>","protected":false},"featured_media":44594,"comment_status":"open","ping_status":"closed","template":"","meta":[],"product_brand":[],"product_cat":[49,48,50],"product_tag":[],"class_list":{"0":"post-44593","1":"product","2":"type-product","3":"status-publish","4":"has-post-thumbnail","6":"product_cat-swe","7":"product_cat-sud_cha","8":"product_cat-swe_h","10":"first","11":"instock","12":"shipping-taxable","13":"purchasable","14":"product-type-variable"},"_links":{"self":[{"href":"https:\/\/publimag.es\/en\/wp-json\/wp\/v2\/product\/44593","targetHints":{"allow":["GET"]}}],"collection":[{"href":"https:\/\/publimag.es\/en\/wp-json\/wp\/v2\/product"}],"about":[{"href":"https:\/\/publimag.es\/en\/wp-json\/wp\/v2\/types\/product"}],"replies":[{"embeddable":true,"href":"https:\/\/publimag.es\/en\/wp-json\/wp\/v2\/comments?post=44593"}],"wp:featuredmedia":[{"embeddable":true,"href":"https:\/\/publimag.es\/en\/wp-json\/wp\/v2\/media\/44594"}],"wp:attachment":[{"href":"https:\/\/publimag.es\/en\/wp-json\/wp\/v2\/media?parent=44593"}],"wp:term":[{"taxonomy":"product_brand","embeddable":true,"href":"https:\/\/publimag.es\/en\/wp-json\/wp\/v2\/product_brand?post=44593"},{"taxonomy":"product_cat","embeddable":true,"href":"https:\/\/publimag.es\/en\/wp-json\/wp\/v2\/product_cat?post=44593"},{"taxonomy":"product_tag","embeddable":true,"href":"https:\/\/publimag.es\/en\/wp-json\/wp\/v2\/product_tag?post=44593"}],"curies":[{"name":"wp","href":"https:\/\/api.w.org\/{rel}","templated":true}]}}