{"id":44703,"date":"2025-07-18T15:09:34","date_gmt":"2025-07-18T13:09:34","guid":{"rendered":"https:\/\/publimag.es\/producto\/clasica\/"},"modified":"2025-07-18T15:16:47","modified_gmt":"2025-07-18T13:16:47","slug":"clasica","status":"publish","type":"product","link":"https:\/\/publimag.es\/en\/product\/clasica\/","title":{"rendered":"CLASSIC"},"content":{"rendered":"<p>Classic sweatshirt with a 1x1 ribbed collar, cuffs, and waistband with elastane. Reinforced covered seams on the collar. <br \/>Composition: 50% cotton \/ 50% polyester, brushed fleece, 280 g\/m\u00b2.<br \/>\nColor grey vigor\u00e9 58: 55% cotton \/ 40% polyester \/ 5% viscose.<br \/>\nAsh white vigor\u00e9 color: 57% cotton \/ 42% polyester \/ 1% viscose.<br \/>Remarks: *Removable label.<br \/>\n*Available in children&#039;s sizes.<br \/>\n* Remember the limitations of this type of fabric and the need to protect the ink from migration when marking and printing on it.<br \/><img decoding=\"async\" src=\"https:\/\/static.gorfactory.es\/pics\/measures\/SU_HO.jpg\"><\/p>","protected":false},"excerpt":{"rendered":"<p>Sudadera en dise\u00f1o cl\u00e1sico, con cuello, pu\u00f1os y cinturilla de punto canal\u00e9 1&#215;1 con elastano. Cubrecosturas reforzado en cuello. Composici\u00f3n: 50% algod\u00f3n \/ 50% poli\u00e9ster, felpa perchada, 280 g\/m\u00b2. Color gris vigor\u00e9 58: 55% algod\u00f3n \/ 40% poli\u00e9ster \/ 5% viscosa. Color blanco ceniza vigor\u00e9: 57% algod\u00f3n \/ 42% poli\u00e9ster \/ 1% viscosa.Observaciones: *Etiqueta removible.&hellip;<\/p>","protected":false},"featured_media":44704,"comment_status":"open","ping_status":"closed","template":"","meta":[],"product_brand":[],"product_cat":[39,49,48,51,37],"product_tag":[],"class_list":{"0":"post-44703","1":"product","2":"type-product","3":"status-publish","4":"has-post-thumbnail","6":"product_cat-basic","7":"product_cat-swe","8":"product_cat-sud_cha","9":"product_cat-swe_sh","10":"product_cat-workwear","12":"first","13":"instock","14":"shipping-taxable","15":"purchasable","16":"product-type-variable"},"_links":{"self":[{"href":"https:\/\/publimag.es\/en\/wp-json\/wp\/v2\/product\/44703","targetHints":{"allow":["GET"]}}],"collection":[{"href":"https:\/\/publimag.es\/en\/wp-json\/wp\/v2\/product"}],"about":[{"href":"https:\/\/publimag.es\/en\/wp-json\/wp\/v2\/types\/product"}],"replies":[{"embeddable":true,"href":"https:\/\/publimag.es\/en\/wp-json\/wp\/v2\/comments?post=44703"}],"wp:featuredmedia":[{"embeddable":true,"href":"https:\/\/publimag.es\/en\/wp-json\/wp\/v2\/media\/44704"}],"wp:attachment":[{"href":"https:\/\/publimag.es\/en\/wp-json\/wp\/v2\/media?parent=44703"}],"wp:term":[{"taxonomy":"product_brand","embeddable":true,"href":"https:\/\/publimag.es\/en\/wp-json\/wp\/v2\/product_brand?post=44703"},{"taxonomy":"product_cat","embeddable":true,"href":"https:\/\/publimag.es\/en\/wp-json\/wp\/v2\/product_cat?post=44703"},{"taxonomy":"product_tag","embeddable":true,"href":"https:\/\/publimag.es\/en\/wp-json\/wp\/v2\/product_tag?post=44703"}],"curies":[{"name":"wp","href":"https:\/\/api.w.org\/{rel}","templated":true}]}}