{"id":45063,"date":"2025-07-18T15:16:48","date_gmt":"2025-07-18T13:16:48","guid":{"rendered":"https:\/\/publimag.es\/producto\/batian\/"},"modified":"2025-07-18T15:17:58","modified_gmt":"2025-07-18T13:17:58","slug":"batian","status":"publish","type":"product","link":"https:\/\/publimag.es\/en\/product\/batian\/","title":{"rendered":"BATIAN"},"content":{"rendered":"<p>Unisex sweatshirt made from combed organic cotton and recycled polyester. 2x1 rib knit collar, cuffs, and waistband. Overlock stitching at the shoulders, armholes, collar, cuffs, and waistband. Half-moon detailing at the back neckline. <br \/>Composition: 65% Cotton (57% organic) \/ 35% Polyester (21% recycled), brushed fleece, 300 g\/m\u00b2<br \/>\nColor grey vigor\u00e9 58: 60% cotton (48% organic) \/ 31% polyester (21% recycled) \/ 9% viscose. <br \/>Remarks: *Removable ECO label<br \/>\n*Individual bag made of recycled material.<br \/>\n*Unisex model.<br \/>\nProduct with certificate 139218-OCS and 139218-GRS<br \/><img decoding=\"async\" src=\"https:\/\/static.gorfactory.es\/pics\/measures\/SU_HO.jpg\"><\/p>","protected":false},"excerpt":{"rendered":"<p>Sudadera Unisex en Algod\u00f3n Org\u00e1nico Peinado y Poli\u00e9ster Reciclado. Cuello, pu\u00f1os y cinturilla de punto canal\u00e9 2&#215;1. Adorno de costuras remalladas en hombro, sisa, cuello, pu\u00f1os y cintura. Media luna en el interior del cuello trasero. Composici\u00f3n: 65% Algod\u00f3n (57% org\u00e1nico) \/ 35% Poli\u00e9ster (21% reciclado), felpa perchada, 300 g\/m\u00b2 Color gris vigor\u00e9 58: 60%&hellip;<\/p>","protected":false},"featured_media":45064,"comment_status":"open","ping_status":"closed","template":"","meta":[],"product_brand":[],"product_cat":[28,49,48,51],"product_tag":[],"class_list":{"0":"post-45063","1":"product","2":"type-product","3":"status-publish","4":"has-post-thumbnail","6":"product_cat-rolyeco","7":"product_cat-swe","8":"product_cat-sud_cha","9":"product_cat-swe_sh","11":"first","12":"instock","13":"shipping-taxable","14":"purchasable","15":"product-type-variable"},"_links":{"self":[{"href":"https:\/\/publimag.es\/en\/wp-json\/wp\/v2\/product\/45063","targetHints":{"allow":["GET"]}}],"collection":[{"href":"https:\/\/publimag.es\/en\/wp-json\/wp\/v2\/product"}],"about":[{"href":"https:\/\/publimag.es\/en\/wp-json\/wp\/v2\/types\/product"}],"replies":[{"embeddable":true,"href":"https:\/\/publimag.es\/en\/wp-json\/wp\/v2\/comments?post=45063"}],"wp:featuredmedia":[{"embeddable":true,"href":"https:\/\/publimag.es\/en\/wp-json\/wp\/v2\/media\/45064"}],"wp:attachment":[{"href":"https:\/\/publimag.es\/en\/wp-json\/wp\/v2\/media?parent=45063"}],"wp:term":[{"taxonomy":"product_brand","embeddable":true,"href":"https:\/\/publimag.es\/en\/wp-json\/wp\/v2\/product_brand?post=45063"},{"taxonomy":"product_cat","embeddable":true,"href":"https:\/\/publimag.es\/en\/wp-json\/wp\/v2\/product_cat?post=45063"},{"taxonomy":"product_tag","embeddable":true,"href":"https:\/\/publimag.es\/en\/wp-json\/wp\/v2\/product_tag?post=45063"}],"curies":[{"name":"wp","href":"https:\/\/api.w.org\/{rel}","templated":true}]}}