{"id":45192,"date":"2025-07-18T15:19:12","date_gmt":"2025-07-18T13:19:12","guid":{"rendered":"https:\/\/publimag.es\/producto\/annapurna\/"},"modified":"2025-07-18T15:19:54","modified_gmt":"2025-07-18T13:19:54","slug":"annapurna","status":"publish","type":"product","link":"https:\/\/publimag.es\/en\/product\/annapurna\/","title":{"rendered":"ANNAPURNA"},"content":{"rendered":"<p>Cotton sweatshirt with fitted raglan sleeves. 1x1 ribbed collar, cuffs, and waistband. Crew neck with cross-stitched trim and reinforced covered seams on the inside of the neck. <br \/>Composition: 100% cotton, unbrushed terry, 260 g\/m\u00b2.<br \/>\nVigore grey colour 58: 85% cotton \/ 15% viscose.<br \/>Remarks: *Removable label.<br \/>\n*Duo concept. <br \/><img decoding=\"async\" src=\"https:\/\/static.gorfactory.es\/pics\/measures\/SU_HO.jpg\"><\/p>","protected":false},"excerpt":{"rendered":"<p>Sudadera de algod\u00f3n de manga entallada estilo rangl\u00e1n. Con cuello, pu\u00f1os y cintura, en canal\u00e9 1&#215;1. Cuello redondo con adorno de costuras remalladas cruzadas y cubrecosturas de refuerzo en el interior del cuello. Composici\u00f3n: 100% algod\u00f3n, felpa no perchada, 260 g\/m\u00b2. Color gris vigore 58: 85% algod\u00f3n \/ 15% viscosa.Observaciones: *Etiqueta removible. *Duo concept.<\/p>","protected":false},"featured_media":45193,"comment_status":"open","ping_status":"closed","template":"","meta":[],"product_brand":[],"product_cat":[49,48,51],"product_tag":[],"class_list":{"0":"post-45192","1":"product","2":"type-product","3":"status-publish","4":"has-post-thumbnail","6":"product_cat-swe","7":"product_cat-sud_cha","8":"product_cat-swe_sh","10":"first","11":"instock","12":"shipping-taxable","13":"purchasable","14":"product-type-variable"},"_links":{"self":[{"href":"https:\/\/publimag.es\/en\/wp-json\/wp\/v2\/product\/45192","targetHints":{"allow":["GET"]}}],"collection":[{"href":"https:\/\/publimag.es\/en\/wp-json\/wp\/v2\/product"}],"about":[{"href":"https:\/\/publimag.es\/en\/wp-json\/wp\/v2\/types\/product"}],"replies":[{"embeddable":true,"href":"https:\/\/publimag.es\/en\/wp-json\/wp\/v2\/comments?post=45192"}],"wp:featuredmedia":[{"embeddable":true,"href":"https:\/\/publimag.es\/en\/wp-json\/wp\/v2\/media\/45193"}],"wp:attachment":[{"href":"https:\/\/publimag.es\/en\/wp-json\/wp\/v2\/media?parent=45192"}],"wp:term":[{"taxonomy":"product_brand","embeddable":true,"href":"https:\/\/publimag.es\/en\/wp-json\/wp\/v2\/product_brand?post=45192"},{"taxonomy":"product_cat","embeddable":true,"href":"https:\/\/publimag.es\/en\/wp-json\/wp\/v2\/product_cat?post=45192"},{"taxonomy":"product_tag","embeddable":true,"href":"https:\/\/publimag.es\/en\/wp-json\/wp\/v2\/product_tag?post=45192"}],"curies":[{"name":"wp","href":"https:\/\/api.w.org\/{rel}","templated":true}]}}