{"id":45226,"date":"2025-07-18T15:19:54","date_gmt":"2025-07-18T13:19:54","guid":{"rendered":"https:\/\/publimag.es\/producto\/fuji\/"},"modified":"2025-07-18T15:20:56","modified_gmt":"2025-07-18T13:20:56","slug":"fuji","status":"publish","type":"product","link":"https:\/\/publimag.es\/en\/product\/fuji\/","title":{"rendered":"FUJI"},"content":{"rendered":"<p>Unbrushed fleece sweatshirt with fluorescent details. Center zipper with contrasting fluorescent puller. Hood with contrasting fluorescent micro-perforated polyester lining, drawstring, and contrasting fluorescent metal eyelets. Long sleeves with 1x1 ribbed cuffs and waistband. Two front pockets with wide welts. Reinforced covered seams on the inside of the collar.<br \/>Composition: Main fabric: 60% cotton \/ 40% polyester, unbrushed fleece, 280 g\/m\u00b2.<br \/>\nHood lining: 100% microperforated polyester.<br \/>\nGrey vigor\u00e9 58: 85% cotton \/ 15% viscose.<br \/>\n<br \/>Remarks: *Removable label.<br \/><img decoding=\"async\" src=\"https:\/\/static.gorfactory.es\/pics\/measures\/SU_HO.jpg\"><\/p>","protected":false},"excerpt":{"rendered":"<p>Sudadera de felpa no perchada con detalles en color fl\u00faor. Cremallera central con tirador en contraste color fl\u00faor. Capucha con forro interior en tejido de poli\u00e9ster microperforado en contraste color fl\u00faor, con cord\u00f3n y ojales met\u00e1licos en contraste color fl\u00faor. Manga larga con pu\u00f1o y cintura en punto canal\u00e9 1&#215;1. Dos bolsillos frontales con vivo&hellip;<\/p>","protected":false},"featured_media":45227,"comment_status":"open","ping_status":"closed","template":"","meta":[],"product_brand":[],"product_cat":[49,48,50],"product_tag":[],"class_list":{"0":"post-45226","1":"product","2":"type-product","3":"status-publish","4":"has-post-thumbnail","6":"product_cat-swe","7":"product_cat-sud_cha","8":"product_cat-swe_h","10":"first","11":"instock","12":"shipping-taxable","13":"purchasable","14":"product-type-variable"},"_links":{"self":[{"href":"https:\/\/publimag.es\/en\/wp-json\/wp\/v2\/product\/45226","targetHints":{"allow":["GET"]}}],"collection":[{"href":"https:\/\/publimag.es\/en\/wp-json\/wp\/v2\/product"}],"about":[{"href":"https:\/\/publimag.es\/en\/wp-json\/wp\/v2\/types\/product"}],"replies":[{"embeddable":true,"href":"https:\/\/publimag.es\/en\/wp-json\/wp\/v2\/comments?post=45226"}],"wp:featuredmedia":[{"embeddable":true,"href":"https:\/\/publimag.es\/en\/wp-json\/wp\/v2\/media\/45227"}],"wp:attachment":[{"href":"https:\/\/publimag.es\/en\/wp-json\/wp\/v2\/media?parent=45226"}],"wp:term":[{"taxonomy":"product_brand","embeddable":true,"href":"https:\/\/publimag.es\/en\/wp-json\/wp\/v2\/product_brand?post=45226"},{"taxonomy":"product_cat","embeddable":true,"href":"https:\/\/publimag.es\/en\/wp-json\/wp\/v2\/product_cat?post=45226"},{"taxonomy":"product_tag","embeddable":true,"href":"https:\/\/publimag.es\/en\/wp-json\/wp\/v2\/product_tag?post=45226"}],"curies":[{"name":"wp","href":"https:\/\/api.w.org\/{rel}","templated":true}]}}